{"id":73,"date":"2025-06-14T12:13:50","date_gmt":"2025-06-14T12:13:50","guid":{"rendered":"https:\/\/wavenet.com.br\/?page_id=73"},"modified":"2025-07-08T18:07:23","modified_gmt":"2025-07-08T18:07:23","slug":"clientes","status":"publish","type":"page","link":"https:\/\/wavenet.com.br\/?page_id=73","title":{"rendered":"Clientes"},"content":{"rendered":"\t\t<div data-elementor-type=\"wp-page\" data-elementor-id=\"73\" class=\"elementor elementor-73\" data-elementor-post-type=\"page\">\n\t\t\t\t<div class=\"elementor-element elementor-element-f9e97e0 e-flex e-con-boxed wpr-particle-no wpr-jarallax-no wpr-parallax-no wpr-sticky-section-no e-con e-parent\" data-id=\"f9e97e0\" data-element_type=\"container\" data-settings=\"{&quot;background_background&quot;:&quot;classic&quot;}\">\n\t\t\t\t\t<div class=\"e-con-inner\">\n\t\t<div class=\"elementor-element elementor-element-30938ce e-con-full e-flex wpr-particle-no wpr-jarallax-no wpr-parallax-no wpr-sticky-section-no e-con e-child\" data-id=\"30938ce\" data-element_type=\"container\">\n\t\t\t\t<div class=\"elementor-element elementor-element-0fa0fe6 elementor-widget__width-initial elementor-widget elementor-widget-image\" data-id=\"0fa0fe6\" data-element_type=\"widget\" data-widget_type=\"image.default\">\n\t\t\t\t<div class=\"elementor-widget-container\">\n\t\t\t\t\t\t\t\t\t\t\t\t\t\t\t<img decoding=\"async\" width=\"87\" height=\"94\" src=\"https:\/\/wavenet.com.br\/wp-content\/uploads\/2025\/07\/Vitalmed-salvador.jpg\" class=\"attachment-full size-full wp-image-375\" alt=\"\" \/>\t\t\t\t\t\t\t\t\t\t\t\t\t\t\t<\/div>\n\t\t\t\t<\/div>\n\t\t<div class=\"elementor-element elementor-element-d9c1dd6 e-con-full e-flex wpr-particle-no wpr-jarallax-no wpr-parallax-no wpr-sticky-section-no e-con e-child\" data-id=\"d9c1dd6\" data-element_type=\"container\">\n\t\t\t\t<div class=\"elementor-element elementor-element-15b64d7 elementor-widget elementor-widget-heading\" data-id=\"15b64d7\" data-element_type=\"widget\" data-widget_type=\"heading.default\">\n\t\t\t\t<div class=\"elementor-widget-container\">\n\t\t\t\t\t<h2 class=\"elementor-heading-title elementor-size-default\">Vitalmed - Salvador<\/h2>\t\t\t\t<\/div>\n\t\t\t\t<\/div>\n\t\t\t\t<div class=\"elementor-element elementor-element-fe14129 elementor-widget__width-initial elementor-widget elementor-widget-text-editor\" data-id=\"fe14129\" data-element_type=\"widget\" data-widget_type=\"text-editor.default\">\n\t\t\t\t<div class=\"elementor-widget-container\">\n\t\t\t\t\t\t\t\t\t&#8220;Antes de fecharmos com a WaveNet, h\u00e1 cerca de dois anos, chegamos a levantar outros dois ou tr\u00eas servi\u00e7os, mas o dela era muito mais em conta &#8211; quase metade do pre\u00e7o dos outros. Hoje, na Vitalmed, quinze pessoas usam diariamente a internet, basicamente com correio e pesquisas. Sempre que ocorreram problemas, o suporte nos atendeu com rapidez. Estamos satisfeitos e, em breve, nosso outro pr\u00e9dio tamb\u00e9m estar\u00e1 conectado \u00e0 internet em alta velocidade.&#8221; <span style=\"color: #667; font-size: 0.8em;\">Gustavo Arigon (Cliente Worknet Corporate)<\/span>\t\t\t\t\t\t\t\t<\/div>\n\t\t\t\t<\/div>\n\t\t\t\t<\/div>\n\t\t\t\t<\/div>\n\t\t<div class=\"elementor-element elementor-element-f643945 e-con-full e-flex wpr-particle-no wpr-jarallax-no wpr-parallax-no wpr-sticky-section-no e-con e-child\" data-id=\"f643945\" data-element_type=\"container\">\n\t\t<div class=\"elementor-element elementor-element-a72fbc0 e-con-full e-flex wpr-particle-no wpr-jarallax-no wpr-parallax-no wpr-sticky-section-no e-con e-child\" data-id=\"a72fbc0\" data-element_type=\"container\">\n\t\t\t\t<div class=\"elementor-element elementor-element-1d377dd elementor-widget elementor-widget-heading\" data-id=\"1d377dd\" data-element_type=\"widget\" data-widget_type=\"heading.default\">\n\t\t\t\t<div class=\"elementor-widget-container\">\n\t\t\t\t\t<h2 class=\"elementor-heading-title elementor-size-default\">Shopping Barra<\/h2>\t\t\t\t<\/div>\n\t\t\t\t<\/div>\n\t\t\t\t<div class=\"elementor-element elementor-element-31ae051 elementor-widget__width-initial elementor-widget elementor-widget-text-editor\" data-id=\"31ae051\" data-element_type=\"widget\" data-widget_type=\"text-editor.default\">\n\t\t\t\t<div class=\"elementor-widget-container\">\n\t\t\t\t\t\t\t\t\t<span class=\"textointerno\">&#8220;O servi\u00e7o da Wavenet est\u00e1 atendendo perfeitamente nossas necessidades administrativas. Sem falar que conseguimos 50 % de economia nos gastos com conex\u00e3o \u00e0 internet.&#8221; <\/span><span style=\"color: #667; font-size: 0.8em;\">Romero Batista (Cliente Worknet Business )<\/span>\t\t\t\t\t\t\t\t<\/div>\n\t\t\t\t<\/div>\n\t\t\t\t<\/div>\n\t\t\t\t<\/div>\n\t\t<div class=\"elementor-element elementor-element-f9a386f e-con-full e-flex wpr-particle-no wpr-jarallax-no wpr-parallax-no wpr-sticky-section-no e-con e-child\" data-id=\"f9a386f\" data-element_type=\"container\">\n\t\t\t\t<div class=\"elementor-element elementor-element-07ae167 elementor-widget__width-initial elementor-widget elementor-widget-image\" data-id=\"07ae167\" data-element_type=\"widget\" data-widget_type=\"image.default\">\n\t\t\t\t<div class=\"elementor-widget-container\">\n\t\t\t\t\t\t\t\t\t\t\t\t\t\t\t<img decoding=\"async\" width=\"87\" height=\"94\" src=\"https:\/\/wavenet.com.br\/wp-content\/uploads\/2025\/07\/condominio-torres.jpg\" class=\"attachment-full size-full wp-image-373\" alt=\"\" \/>\t\t\t\t\t\t\t\t\t\t\t\t\t\t\t<\/div>\n\t\t\t\t<\/div>\n\t\t<div class=\"elementor-element elementor-element-9b188ac e-con-full e-flex wpr-particle-no wpr-jarallax-no wpr-parallax-no wpr-sticky-section-no e-con e-child\" data-id=\"9b188ac\" data-element_type=\"container\">\n\t\t\t\t<div class=\"elementor-element elementor-element-1ad0230 elementor-widget elementor-widget-heading\" data-id=\"1ad0230\" data-element_type=\"widget\" data-widget_type=\"heading.default\">\n\t\t\t\t<div class=\"elementor-widget-container\">\n\t\t\t\t\t<h2 class=\"elementor-heading-title elementor-size-default\">Condom\u00ednio Torre de Osaka<\/h2>\t\t\t\t<\/div>\n\t\t\t\t<\/div>\n\t\t\t\t<div class=\"elementor-element elementor-element-e0b570c elementor-widget__width-initial elementor-widget elementor-widget-text-editor\" data-id=\"e0b570c\" data-element_type=\"widget\" data-widget_type=\"text-editor.default\">\n\t\t\t\t<div class=\"elementor-widget-container\">\n\t\t\t\t\t\t\t\t\t&#8220;Fomos um dos primeiros clientes da Wavenet e at\u00e9 hoje n\u00e3o temos nada a nos queixar. A internet via r\u00e1dio atende bem \u00e0s nossas necessidades, por oferecer mais velocidade e economia. Pagamos a mesma mensalidade, de R$ 50,00, desde o in\u00edcio do contrato.&#8221; <\/span><span style=\"color: #667; font-size: 0.8em;\">Ricardo Machado (Cliente Home House )<\/span>\t\t\t\t\t\t\t\t<\/div>\n\t\t\t\t<\/div>\n\t\t\t\t<\/div>\n\t\t\t\t<\/div>\n\t\t<div class=\"elementor-element elementor-element-8eca2b5 e-con-full e-flex wpr-particle-no wpr-jarallax-no wpr-parallax-no wpr-sticky-section-no e-con e-child\" data-id=\"8eca2b5\" data-element_type=\"container\">\n\t\t<div class=\"elementor-element elementor-element-e5e3fd7 e-con-full e-flex wpr-particle-no wpr-jarallax-no wpr-parallax-no wpr-sticky-section-no e-con e-child\" data-id=\"e5e3fd7\" data-element_type=\"container\">\n\t\t\t\t<div class=\"elementor-element elementor-element-ff0ecf9 elementor-widget elementor-widget-heading\" data-id=\"ff0ecf9\" data-element_type=\"widget\" data-widget_type=\"heading.default\">\n\t\t\t\t<div class=\"elementor-widget-container\">\n\t\t\t\t\t<h2 class=\"elementor-heading-title elementor-size-default\">Aeroclube Plaza Show<\/h2>\t\t\t\t<\/div>\n\t\t\t\t<\/div>\n\t\t\t\t<div class=\"elementor-element elementor-element-c6771db elementor-widget__width-initial elementor-widget elementor-widget-text-editor\" data-id=\"c6771db\" data-element_type=\"widget\" data-widget_type=\"text-editor.default\">\n\t\t\t\t<div class=\"elementor-widget-container\">\n\t\t\t\t\t\t\t\t\t&#8220;Com a solu\u00e7\u00e3o da Wavenet, ficou 200% mais barato para nossa empresa acessar a internet. N\u00f3s solucionamos, na verdade, dois problemas: a redu\u00e7\u00e3o de custos e a aumento da velocidade de conex\u00e3o. Liberamos mais ramais e paramos de sobrecarregar o sistema telef\u00f4nico.&#8221;\n<\/span><span style=\"color: #667; font-size: 0.8em;\"><p>Euvaldo Luz<\/br>\nGerente Administrativo-financeiro<\/br>\n(Cliente Worknet Business )<\/p><\/span>\t\t\t\t\t\t\t\t<\/div>\n\t\t\t\t<\/div>\n\t\t\t\t<\/div>\n\t\t\t\t<\/div>\n\t\t<div class=\"elementor-element elementor-element-dd17fc5 e-con-full e-flex wpr-particle-no wpr-jarallax-no wpr-parallax-no wpr-sticky-section-no e-con e-child\" data-id=\"dd17fc5\" data-element_type=\"container\">\n\t\t\t\t<div class=\"elementor-element elementor-element-bdb360e elementor-widget__width-initial elementor-widget elementor-widget-image\" data-id=\"bdb360e\" data-element_type=\"widget\" data-widget_type=\"image.default\">\n\t\t\t\t<div class=\"elementor-widget-container\">\n\t\t\t\t\t\t\t\t\t\t\t\t\t\t\t<img decoding=\"async\" width=\"98\" height=\"113\" src=\"https:\/\/wavenet.com.br\/wp-content\/uploads\/2025\/07\/Restaurante-bella-Napoli.jpg\" class=\"attachment-full size-full wp-image-374\" alt=\"\" \/>\t\t\t\t\t\t\t\t\t\t\t\t\t\t\t<\/div>\n\t\t\t\t<\/div>\n\t\t<div class=\"elementor-element elementor-element-8d747fd e-con-full e-flex wpr-particle-no wpr-jarallax-no wpr-parallax-no wpr-sticky-section-no e-con e-child\" data-id=\"8d747fd\" data-element_type=\"container\">\n\t\t\t\t<div class=\"elementor-element elementor-element-51d466c elementor-widget elementor-widget-heading\" data-id=\"51d466c\" data-element_type=\"widget\" data-widget_type=\"heading.default\">\n\t\t\t\t<div class=\"elementor-widget-container\">\n\t\t\t\t\t<h2 class=\"elementor-heading-title elementor-size-default\">Vitalmed - Salvador<\/h2>\t\t\t\t<\/div>\n\t\t\t\t<\/div>\n\t\t\t\t<div class=\"elementor-element elementor-element-f34bde5 elementor-widget__width-initial elementor-widget elementor-widget-text-editor\" data-id=\"f34bde5\" data-element_type=\"widget\" data-widget_type=\"text-editor.default\">\n\t\t\t\t<div class=\"elementor-widget-container\">\n\t\t\t\t\t\t\t\t\t&#8220;N\u00f3s do Bella Napoli gostariamos de parabenizar a empresa Wavenet pela compet\u00eancia com que vem nos atendendo. Instalamos uma linha Wavephone e o servi\u00e7o de internet Banda Larga, e o bom funcionamento dos servi\u00e7os nos fez acreditar que podemos trabalhar somente com esta grande empresa, sem precisar ter linhas de concorrentes. Al\u00e9m da economia comprovada, at\u00e9 pelo fato da assinatura ser 60% mais em conta do que a prestadora local, podemos dizer que a assist\u00eancia prestada pela Wavenet, nos permite ter um servi\u00e7o constante, com qualidade e seguran\u00e7a.&#8221;\n<\/span><span style=\"color: #667; font-size: 0.8em;\">Caroline Barth Lautert<\/br>\nGerente de Marketing &#8211; Bella Napoli<\/br>\nCliente desde Dezembro de 2004 (produto WAVEPHONE)<\/span>\t\t\t\t\t\t\t\t<\/div>\n\t\t\t\t<\/div>\n\t\t\t\t<\/div>\n\t\t\t\t<\/div>\n\t\t\t\t\t<\/div>\n\t\t\t\t<\/div>\n\t\t\t\t<\/div>\n\t\t","protected":false},"excerpt":{"rendered":"<p>Vitalmed &#8211; Salvador &#8220;Antes de fecharmos com a WaveNet, h\u00e1 cerca de dois anos, chegamos a levantar outros dois ou tr\u00eas servi\u00e7os, mas o dela era muito mais em conta &#8211; quase metade do pre\u00e7o dos outros. Hoje, na Vitalmed, quinze pessoas usam diariamente a internet, basicamente com correio e pesquisas. Sempre que ocorreram problemas, o suporte nos atendeu com rapidez. Estamos satisfeitos e, em breve, nosso outro pr\u00e9dio tamb\u00e9m estar\u00e1 conectado \u00e0 internet em alta velocidade.&#8221; Gustavo Arigon (Cliente Worknet Corporate) Shopping Barra &#8220;O servi\u00e7o da Wavenet est\u00e1 atendendo perfeitamente nossas necessidades administrativas. Sem falar que conseguimos 50 % de economia nos gastos com conex\u00e3o \u00e0 internet.&#8221; Romero Batista (Cliente Worknet Business ) Condom\u00ednio Torre de Osaka &#8220;Fomos um dos primeiros clientes da Wavenet e at\u00e9 hoje n\u00e3o temos nada a nos queixar. A internet via r\u00e1dio atende bem \u00e0s nossas necessidades, por oferecer mais velocidade e economia. Pagamos a mesma mensalidade, de R$ 50,00, desde o in\u00edcio do contrato.&#8221; Ricardo Machado (Cliente Home House ) Aeroclube Plaza Show &#8220;Com a solu\u00e7\u00e3o da Wavenet, ficou 200% mais barato para nossa empresa acessar a internet. N\u00f3s solucionamos, na verdade, dois problemas: a redu\u00e7\u00e3o de custos e a aumento da velocidade de conex\u00e3o. Liberamos mais ramais e paramos de sobrecarregar o sistema telef\u00f4nico.&#8221; Euvaldo Luz Gerente Administrativo-financeiro (Cliente Worknet Business ) Vitalmed &#8211; Salvador &#8220;N\u00f3s do Bella Napoli gostariamos de parabenizar a empresa Wavenet pela compet\u00eancia com que vem nos atendendo. Instalamos uma linha Wavephone e o servi\u00e7o de internet Banda Larga, e o bom funcionamento dos servi\u00e7os nos fez acreditar que podemos trabalhar somente com esta grande empresa, sem precisar ter linhas de concorrentes. Al\u00e9m da economia comprovada, at\u00e9 pelo fato da assinatura ser 60% mais em conta do que a prestadora local, podemos dizer que a assist\u00eancia prestada pela Wavenet, nos permite ter um servi\u00e7o constante, com qualidade e seguran\u00e7a.&#8221; Caroline Barth Lautert Gerente de Marketing &#8211; Bella Napoli Cliente desde Dezembro de 2004 (produto WAVEPHONE)<\/p>\n","protected":false},"author":1,"featured_media":0,"parent":0,"menu_order":0,"comment_status":"closed","ping_status":"closed","template":"","meta":{"footnotes":""},"class_list":["post-73","page","type-page","status-publish","hentry"],"_links":{"self":[{"href":"https:\/\/wavenet.com.br\/index.php?rest_route=\/wp\/v2\/pages\/73","targetHints":{"allow":["GET"]}}],"collection":[{"href":"https:\/\/wavenet.com.br\/index.php?rest_route=\/wp\/v2\/pages"}],"about":[{"href":"https:\/\/wavenet.com.br\/index.php?rest_route=\/wp\/v2\/types\/page"}],"author":[{"embeddable":true,"href":"https:\/\/wavenet.com.br\/index.php?rest_route=\/wp\/v2\/users\/1"}],"replies":[{"embeddable":true,"href":"https:\/\/wavenet.com.br\/index.php?rest_route=%2Fwp%2Fv2%2Fcomments&post=73"}],"version-history":[{"count":70,"href":"https:\/\/wavenet.com.br\/index.php?rest_route=\/wp\/v2\/pages\/73\/revisions"}],"predecessor-version":[{"id":461,"href":"https:\/\/wavenet.com.br\/index.php?rest_route=\/wp\/v2\/pages\/73\/revisions\/461"}],"wp:attachment":[{"href":"https:\/\/wavenet.com.br\/index.php?rest_route=%2Fwp%2Fv2%2Fmedia&parent=73"}],"curies":[{"name":"wp","href":"https:\/\/api.w.org\/{rel}","templated":true}]}}