{"id":622,"date":"2025-07-09T00:24:27","date_gmt":"2025-07-09T00:24:27","guid":{"rendered":"https:\/\/wavenet.com.br\/?page_id=622"},"modified":"2025-07-09T00:41:03","modified_gmt":"2025-07-09T00:41:03","slug":"associados","status":"publish","type":"page","link":"https:\/\/wavenet.com.br\/?page_id=622","title":{"rendered":"Associados"},"content":{"rendered":"\t\t<div data-elementor-type=\"wp-page\" data-elementor-id=\"622\" class=\"elementor elementor-622\" data-elementor-post-type=\"page\">\n\t\t\t\t<div class=\"elementor-element elementor-element-cee32a5 e-flex e-con-boxed wpr-particle-no wpr-jarallax-no wpr-parallax-no wpr-sticky-section-no e-con e-parent\" data-id=\"cee32a5\" data-element_type=\"container\" data-settings=\"{&quot;background_background&quot;:&quot;classic&quot;}\">\n\t\t\t\t\t<div class=\"e-con-inner\">\n\t\t<div class=\"elementor-element elementor-element-10a4c1b e-con-full e-flex wpr-particle-no wpr-jarallax-no wpr-parallax-no wpr-sticky-section-no e-con e-child\" data-id=\"10a4c1b\" data-element_type=\"container\">\n\t\t\t\t<div class=\"elementor-element elementor-element-460ce79 elementor-widget__width-initial elementor-widget elementor-widget-image\" data-id=\"460ce79\" data-element_type=\"widget\" data-widget_type=\"image.default\">\n\t\t\t\t<div class=\"elementor-widget-container\">\n\t\t\t\t\t\t\t\t\t\t\t\t\t\t\t\t<a href=\"http:\/\/www.inteligtelecom.com.br\">\n\t\t\t\t\t\t\t<img decoding=\"async\" width=\"163\" height=\"77\" src=\"https:\/\/wavenet.com.br\/wp-content\/uploads\/2025\/07\/intelig_logo-webp.webp\" class=\"attachment-full size-full wp-image-629\" alt=\"\" \/>\t\t\t\t\t\t\t\t<\/a>\n\t\t\t\t\t\t\t\t\t\t\t\t\t\t\t<\/div>\n\t\t\t\t<\/div>\n\t\t\t\t<div class=\"elementor-element elementor-element-10eeb13 elementor-widget elementor-widget-heading\" data-id=\"10eeb13\" data-element_type=\"widget\" data-widget_type=\"heading.default\">\n\t\t\t\t<div class=\"elementor-widget-container\">\n\t\t\t\t\t<h2 class=\"elementor-heading-title elementor-size-default\">Intelig<\/h2>\t\t\t\t<\/div>\n\t\t\t\t<\/div>\n\t\t\t\t<\/div>\n\t\t<div class=\"elementor-element elementor-element-1a76d11 e-con-full e-flex wpr-particle-no wpr-jarallax-no wpr-parallax-no wpr-sticky-section-no e-con e-child\" data-id=\"1a76d11\" data-element_type=\"container\">\n\t\t\t\t<div class=\"elementor-element elementor-element-f26041b elementor-widget elementor-widget-text-editor\" data-id=\"f26041b\" data-element_type=\"widget\" data-widget_type=\"text-editor.default\">\n\t\t\t\t<div class=\"elementor-widget-container\">\n\t\t\t\t\t\t\t\t\t<p data-start=\"177\" data-end=\"305\">A Intelig Telecom entrou em opera\u00e7\u00e3o em janeiro de 2000, dois anos ap\u00f3s a privatiza\u00e7\u00e3o do sistema de telecomunica\u00e7\u00f5es no Brasil.<\/p><p data-start=\"307\" data-end=\"428\">Visite o site <strong><a class=\"\" href=\"http:\/\/www.inteligtelecom.com.br\" target=\"_new\" rel=\"noopener\" data-start=\"321\" data-end=\"382\">www.inteligtelecom.com.br<\/a><\/strong> e conhe\u00e7a melhor a empresa e seus benef\u00edcios!<\/p>\t\t\t\t\t\t\t\t<\/div>\n\t\t\t\t<\/div>\n\t\t\t\t<\/div>\n\t\t\t\t<div class=\"elementor-element elementor-element-309640c elementor-widget-divider--view-line elementor-widget elementor-widget-divider\" data-id=\"309640c\" data-element_type=\"widget\" data-widget_type=\"divider.default\">\n\t\t\t\t<div class=\"elementor-widget-container\">\n\t\t\t\t\t\t\t<div class=\"elementor-divider\">\n\t\t\t<span class=\"elementor-divider-separator\">\n\t\t\t\t\t\t<\/span>\n\t\t<\/div>\n\t\t\t\t\t\t<\/div>\n\t\t\t\t<\/div>\n\t\t\t\t\t<\/div>\n\t\t\t\t<\/div>\n\t\t<div class=\"elementor-element elementor-element-94c7e65 e-flex e-con-boxed wpr-particle-no wpr-jarallax-no wpr-parallax-no wpr-sticky-section-no e-con e-parent\" data-id=\"94c7e65\" data-element_type=\"container\" data-settings=\"{&quot;background_background&quot;:&quot;classic&quot;}\">\n\t\t\t\t\t<div class=\"e-con-inner\">\n\t\t<div class=\"elementor-element elementor-element-a69bef2 e-con-full e-flex wpr-particle-no wpr-jarallax-no wpr-parallax-no wpr-sticky-section-no e-con e-child\" data-id=\"a69bef2\" data-element_type=\"container\">\n\t\t\t\t<div class=\"elementor-element elementor-element-57d750c elementor-widget__width-initial elementor-widget elementor-widget-image\" data-id=\"57d750c\" data-element_type=\"widget\" data-widget_type=\"image.default\">\n\t\t\t\t<div class=\"elementor-widget-container\">\n\t\t\t\t\t\t\t\t\t\t\t\t\t\t\t\t<a href=\"http:\/\/www.glb.com.br\">\n\t\t\t\t\t\t\t<img decoding=\"async\" width=\"104\" height=\"90\" src=\"https:\/\/wavenet.com.br\/wp-content\/uploads\/2025\/07\/globalinfo-webp.webp\" class=\"attachment-full size-full wp-image-628\" alt=\"\" \/>\t\t\t\t\t\t\t\t<\/a>\n\t\t\t\t\t\t\t\t\t\t\t\t\t\t\t<\/div>\n\t\t\t\t<\/div>\n\t\t\t\t<div class=\"elementor-element elementor-element-a485fca elementor-widget elementor-widget-heading\" data-id=\"a485fca\" data-element_type=\"widget\" data-widget_type=\"heading.default\">\n\t\t\t\t<div class=\"elementor-widget-container\">\n\t\t\t\t\t<h2 class=\"elementor-heading-title elementor-size-default\"> Global Info<\/h2>\t\t\t\t<\/div>\n\t\t\t\t<\/div>\n\t\t\t\t<\/div>\n\t\t<div class=\"elementor-element elementor-element-7163290 e-con-full e-flex wpr-particle-no wpr-jarallax-no wpr-parallax-no wpr-sticky-section-no e-con e-child\" data-id=\"7163290\" data-element_type=\"container\">\n\t\t\t\t<div class=\"elementor-element elementor-element-76830d4 elementor-widget elementor-widget-text-editor\" data-id=\"76830d4\" data-element_type=\"widget\" data-widget_type=\"text-editor.default\">\n\t\t\t\t<div class=\"elementor-widget-container\">\n\t\t\t\t\t\t\t\t\t<p data-start=\"113\" data-end=\"344\">A Rede Global Info conta com uma Rede de Provedores de maior capilaridade e penetra\u00e7\u00e3o da Internet Brasileira, possuindo o melhor p\u00fablico para seu an\u00fancio: assinantes conscientes de que qualidade de produtos e servi\u00e7os \u00e9 essencial.<\/p><p data-start=\"346\" data-end=\"434\">Um an\u00fancio na Gi est\u00e1 entre os menores pre\u00e7os do mercado de Internet Marketing. Compare.<\/p><p data-start=\"436\" data-end=\"600\">Para fazer seu an\u00fancio, h\u00e1 duas op\u00e7\u00f5es: voc\u00ea pode solicitar por e-mail ou ligar em dias \u00fateis, hor\u00e1rio comercial para: (21) 2544-2022 e um consultor ir\u00e1 orient\u00e1-lo.<\/p><p data-start=\"602\" data-end=\"681\">Visite o site <a class=\"\" href=\"http:\/\/www.glb.com.br\" target=\"_new\" rel=\"noopener\" data-start=\"616\" data-end=\"655\"><strong>www.glb.com.br<\/strong><\/a> e consulte nossos pre\u00e7os.<\/p><p data-start=\"683\" data-end=\"714\">Este \u00e9 mais um produto WaveNet.<\/p>\t\t\t\t\t\t\t\t<\/div>\n\t\t\t\t<\/div>\n\t\t\t\t<\/div>\n\t\t\t\t<div class=\"elementor-element elementor-element-9638e32 elementor-widget-divider--view-line elementor-widget elementor-widget-divider\" data-id=\"9638e32\" data-element_type=\"widget\" data-widget_type=\"divider.default\">\n\t\t\t\t<div class=\"elementor-widget-container\">\n\t\t\t\t\t\t\t<div class=\"elementor-divider\">\n\t\t\t<span class=\"elementor-divider-separator\">\n\t\t\t\t\t\t<\/span>\n\t\t<\/div>\n\t\t\t\t\t\t<\/div>\n\t\t\t\t<\/div>\n\t\t\t\t\t<\/div>\n\t\t\t\t<\/div>\n\t\t<div class=\"elementor-element elementor-element-3ecf752 e-flex e-con-boxed wpr-particle-no wpr-jarallax-no wpr-parallax-no wpr-sticky-section-no e-con e-parent\" data-id=\"3ecf752\" data-element_type=\"container\" data-settings=\"{&quot;background_background&quot;:&quot;classic&quot;}\">\n\t\t\t\t\t<div class=\"e-con-inner\">\n\t\t<div class=\"elementor-element elementor-element-e3040fc e-con-full e-flex wpr-particle-no wpr-jarallax-no wpr-parallax-no wpr-sticky-section-no e-con e-child\" data-id=\"e3040fc\" data-element_type=\"container\">\n\t\t\t\t<div class=\"elementor-element elementor-element-93b1609 elementor-widget__width-initial elementor-widget elementor-widget-image\" data-id=\"93b1609\" data-element_type=\"widget\" data-widget_type=\"image.default\">\n\t\t\t\t<div class=\"elementor-widget-container\">\n\t\t\t\t\t\t\t\t\t\t\t\t\t\t\t\t<a href=\"http:\/\/www.televoz.com.br\">\n\t\t\t\t\t\t\t<img decoding=\"async\" width=\"235\" height=\"90\" src=\"https:\/\/wavenet.com.br\/wp-content\/uploads\/2025\/07\/televoz-webp.webp\" class=\"attachment-full size-full wp-image-630\" alt=\"\" \/>\t\t\t\t\t\t\t\t<\/a>\n\t\t\t\t\t\t\t\t\t\t\t\t\t\t\t<\/div>\n\t\t\t\t<\/div>\n\t\t\t\t<div class=\"elementor-element elementor-element-8532cfe elementor-widget elementor-widget-heading\" data-id=\"8532cfe\" data-element_type=\"widget\" data-widget_type=\"heading.default\">\n\t\t\t\t<div class=\"elementor-widget-container\">\n\t\t\t\t\t<h2 class=\"elementor-heading-title elementor-size-default\">TeleVoz<\/h2>\t\t\t\t<\/div>\n\t\t\t\t<\/div>\n\t\t\t\t<\/div>\n\t\t<div class=\"elementor-element elementor-element-3df6145 e-con-full e-flex wpr-particle-no wpr-jarallax-no wpr-parallax-no wpr-sticky-section-no e-con e-child\" data-id=\"3df6145\" data-element_type=\"container\">\n\t\t\t\t<div class=\"elementor-element elementor-element-497f19e elementor-widget elementor-widget-text-editor\" data-id=\"497f19e\" data-element_type=\"widget\" data-widget_type=\"text-editor.default\">\n\t\t\t\t<div class=\"elementor-widget-container\">\n\t\t\t\t\t\t\t\t\t<p data-start=\"154\" data-end=\"373\"><strong data-start=\"154\" data-end=\"165\">TeleVoz<\/strong> \u00e9 um servi\u00e7o de transmiss\u00e3o de voz por canais dedicados em Rede Privada (VPN). TeleVoz comp\u00f5e um sistema digital internacional possibilitando a realiza\u00e7\u00e3o de chamadas interurbanas nacionais e internacionais.<\/p><p data-start=\"375\" data-end=\"672\">Voc\u00ea poder\u00e1 utilizar seu equipamento de telefonia em sua pr\u00f3pria casa ou empresa. As tarifas t\u00eam valor muito abaixo dos custos da telefonia convencional. As chamadas podem ser internas (de um ponto TeleVoz para outro), locais (at\u00e9 50 km de dist\u00e2ncia) ou interurbanas (nacionais ou internacionais).<\/p><p data-start=\"674\" data-end=\"811\">Chamadas entre matriz e filial ou entre filiais s\u00e3o livres, n\u00e3o sofrendo qualquer tarifa\u00e7\u00e3o! Mesmo que estejam a milhares de quil\u00f4metros.<\/p><p data-start=\"813\" data-end=\"1010\">Ligue para nossa Central de Atendimento (0800-704-9005) e pe\u00e7a a visita de um Agente de Neg\u00f3cios TELEVOZ. TeleVoz tem um sistema pr\u00f3prio de transmiss\u00e3o de voz, n\u00e3o dependendo da internet para isso.<\/p><p data-start=\"1012\" data-end=\"1192\">Na internet, qualquer tr\u00e1fego em qualquer servidor pode tornar a banda dispon\u00edvel insuficiente para a manuten\u00e7\u00e3o dos padr\u00f5es de qualidade que o sistema de transmiss\u00e3o de voz exige.<\/p><p data-start=\"1194\" data-end=\"1536\">Um gargalo simples pode causar atrasos percept\u00edveis, tornando a conversa picotada. O ouvido humano sente desconforto e pode perceber varia\u00e7\u00f5es e nuances em falhas de transmiss\u00e3o da ordem de d\u00e9cimos de segundos. Como TeleVoz n\u00e3o utiliza internet, n\u00e3o congestiona nunca. E o n\u00famero de canais de voz aumenta de acordo com o n\u00famero de assinantes.<\/p><p data-start=\"1538\" data-end=\"1625\">Visite o site <strong><a class=\"\" href=\"http:\/\/www.televoz.com.br\" target=\"_new\" rel=\"noopener\" data-start=\"1552\" data-end=\"1599\">www.televoz.com.br<\/a><\/strong> e consulte nossos pre\u00e7os.<\/p><p data-start=\"1627\" data-end=\"1662\">Este \u00e9 mais um produto <strong data-start=\"1650\" data-end=\"1661\">WaveNet<\/strong>.<\/p>\t\t\t\t\t\t\t\t<\/div>\n\t\t\t\t<\/div>\n\t\t\t\t<\/div>\n\t\t\t\t\t<\/div>\n\t\t\t\t<\/div>\n\t\t\t\t<\/div>\n\t\t","protected":false},"excerpt":{"rendered":"<p>Intelig A Intelig Telecom entrou em opera\u00e7\u00e3o em janeiro de 2000, dois anos ap\u00f3s a privatiza\u00e7\u00e3o do sistema de telecomunica\u00e7\u00f5es no Brasil. Visite o site www.inteligtelecom.com.br e conhe\u00e7a melhor a empresa e seus benef\u00edcios! Global Info A Rede Global Info conta com uma Rede de Provedores de maior capilaridade e penetra\u00e7\u00e3o da Internet Brasileira, possuindo o melhor p\u00fablico para seu an\u00fancio: assinantes conscientes de que qualidade de produtos e servi\u00e7os \u00e9 essencial. Um an\u00fancio na Gi est\u00e1 entre os menores pre\u00e7os do mercado de Internet Marketing. Compare. Para fazer seu an\u00fancio, h\u00e1 duas op\u00e7\u00f5es: voc\u00ea pode solicitar por e-mail ou ligar em dias \u00fateis, hor\u00e1rio comercial para: (21) 2544-2022 e um consultor ir\u00e1 orient\u00e1-lo. Visite o site www.glb.com.br e consulte nossos pre\u00e7os. Este \u00e9 mais um produto WaveNet. TeleVoz TeleVoz \u00e9 um servi\u00e7o de transmiss\u00e3o de voz por canais dedicados em Rede Privada (VPN). TeleVoz comp\u00f5e um sistema digital internacional possibilitando a realiza\u00e7\u00e3o de chamadas interurbanas nacionais e internacionais. Voc\u00ea poder\u00e1 utilizar seu equipamento de telefonia em sua pr\u00f3pria casa ou empresa. As tarifas t\u00eam valor muito abaixo dos custos da telefonia convencional. As chamadas podem ser internas (de um ponto TeleVoz para outro), locais (at\u00e9 50 km de dist\u00e2ncia) ou interurbanas (nacionais ou internacionais). Chamadas entre matriz e filial ou entre filiais s\u00e3o livres, n\u00e3o sofrendo qualquer tarifa\u00e7\u00e3o! Mesmo que estejam a milhares de quil\u00f4metros. Ligue para nossa Central de Atendimento (0800-704-9005) e pe\u00e7a a visita de um Agente de Neg\u00f3cios TELEVOZ. TeleVoz tem um sistema pr\u00f3prio de transmiss\u00e3o de voz, n\u00e3o dependendo da internet para isso. Na internet, qualquer tr\u00e1fego em qualquer servidor pode tornar a banda dispon\u00edvel insuficiente para a manuten\u00e7\u00e3o dos padr\u00f5es de qualidade que o sistema de transmiss\u00e3o de voz exige. Um gargalo simples pode causar atrasos percept\u00edveis, tornando a conversa picotada. O ouvido humano sente desconforto e pode perceber varia\u00e7\u00f5es e nuances em falhas de transmiss\u00e3o da ordem de d\u00e9cimos de segundos. Como TeleVoz n\u00e3o utiliza internet, n\u00e3o congestiona nunca. E o n\u00famero de canais de voz aumenta de acordo com o n\u00famero de assinantes. Visite o site www.televoz.com.br e consulte nossos pre\u00e7os. Este \u00e9 mais um produto WaveNet.<\/p>\n","protected":false},"author":1,"featured_media":0,"parent":0,"menu_order":0,"comment_status":"closed","ping_status":"closed","template":"","meta":{"footnotes":""},"class_list":["post-622","page","type-page","status-publish","hentry"],"_links":{"self":[{"href":"https:\/\/wavenet.com.br\/index.php?rest_route=\/wp\/v2\/pages\/622","targetHints":{"allow":["GET"]}}],"collection":[{"href":"https:\/\/wavenet.com.br\/index.php?rest_route=\/wp\/v2\/pages"}],"about":[{"href":"https:\/\/wavenet.com.br\/index.php?rest_route=\/wp\/v2\/types\/page"}],"author":[{"embeddable":true,"href":"https:\/\/wavenet.com.br\/index.php?rest_route=\/wp\/v2\/users\/1"}],"replies":[{"embeddable":true,"href":"https:\/\/wavenet.com.br\/index.php?rest_route=%2Fwp%2Fv2%2Fcomments&post=622"}],"version-history":[{"count":22,"href":"https:\/\/wavenet.com.br\/index.php?rest_route=\/wp\/v2\/pages\/622\/revisions"}],"predecessor-version":[{"id":651,"href":"https:\/\/wavenet.com.br\/index.php?rest_route=\/wp\/v2\/pages\/622\/revisions\/651"}],"wp:attachment":[{"href":"https:\/\/wavenet.com.br\/index.php?rest_route=%2Fwp%2Fv2%2Fmedia&parent=622"}],"curies":[{"name":"wp","href":"https:\/\/api.w.org\/{rel}","templated":true}]}}