{"id":579,"date":"2025-07-08T20:00:26","date_gmt":"2025-07-08T20:00:26","guid":{"rendered":"https:\/\/wavenet.com.br\/?page_id=579"},"modified":"2025-07-09T00:21:12","modified_gmt":"2025-07-09T00:21:12","slug":"sistema-de-telefonia","status":"publish","type":"page","link":"https:\/\/wavenet.com.br\/?page_id=579","title":{"rendered":"Sistema de telefonia"},"content":{"rendered":"\t\t<div data-elementor-type=\"wp-page\" data-elementor-id=\"579\" class=\"elementor elementor-579\" data-elementor-post-type=\"page\">\n\t\t\t\t<div class=\"elementor-element elementor-element-7a4ba24 e-flex e-con-boxed wpr-particle-no wpr-jarallax-no wpr-parallax-no wpr-sticky-section-no e-con e-parent\" data-id=\"7a4ba24\" data-element_type=\"container\" data-settings=\"{&quot;background_background&quot;:&quot;classic&quot;}\">\n\t\t\t\t\t<div class=\"e-con-inner\">\n\t\t\t\t<div class=\"elementor-element elementor-element-8342820 elementor-widget elementor-widget-text-editor\" data-id=\"8342820\" data-element_type=\"widget\" data-widget_type=\"text-editor.default\">\n\t\t\t\t<div class=\"elementor-widget-container\">\n\t\t\t\t\t\t\t\t\t<p data-start=\"97\" data-end=\"141\"><strong data-start=\"97\" data-end=\"141\">WAVEPHONE &#8211; Sistema de Telefonia Wavenet<\/strong><\/p>\t\t\t\t\t\t\t\t<\/div>\n\t\t\t\t<\/div>\n\t\t\t\t<div class=\"elementor-element elementor-element-4b34fef elementor-widget elementor-widget-text-editor\" data-id=\"4b34fef\" data-element_type=\"widget\" data-widget_type=\"text-editor.default\">\n\t\t\t\t<div class=\"elementor-widget-container\">\n\t\t\t\t\t\t\t\t\t<p data-start=\"143\" data-end=\"417\">A Wavenet, empresa pioneira na comunica\u00e7\u00e3o wireless, est\u00e1 sempre trazendo solu\u00e7\u00f5es inovadoras, unindo tecnologia de ponta a \u00f3timos custos. Seu mais novo lan\u00e7amento \u00e9 o sistema de acesso \u00e0 telefonia p\u00fablica que permite diminuir sua conta telef\u00f4nica mensal, no m\u00ednimo, em 20%.<\/p><p data-start=\"419\" data-end=\"444\"><strong data-start=\"419\" data-end=\"444\">E como isso acontece?<\/strong><\/p><p data-start=\"446\" data-end=\"613\">A Wavenet assume o seu acesso \u00e0 rede de telefonia p\u00fablica e, por operar em grande escala, ela obt\u00e9m negocia\u00e7\u00f5es mais vantajosas, cujos ganhos ela ir\u00e1 dividir com voc\u00ea.<\/p><p data-start=\"615\" data-end=\"640\"><strong data-start=\"615\" data-end=\"640\">O que isso significa?<\/strong><\/p><p data-start=\"642\" data-end=\"995\">No sistema de telefonia Wavenet, voc\u00ea s\u00f3 paga pelo que consome. A Wavenet vai cobrar apenas o custo do tempo real da chamada e n\u00e3o o custo aleat\u00f3rio do &#8220;pulso&#8221;. Assim, se voc\u00ea falar 1 minuto e 20 segundos, voc\u00ea sabe que ir\u00e1 pagar por 1 minuto e 20 segundos. Se voc\u00ea nunca tinha ouvido falar de um sistema assim, est\u00e1 na hora de voc\u00ea falar com a Wavenet.<\/p><p data-start=\"997\" data-end=\"1128\">A tabela abaixo mostra o quanto se pode obter em descontos em liga\u00e7\u00f5es (por minuto) utilizando o novo sistema de telefonia Wavenet:<\/p>\t\t\t\t\t\t\t\t<\/div>\n\t\t\t\t<\/div>\n\t\t\t\t<div class=\"elementor-element elementor-element-1bd8a9d elementor-widget__width-initial elementor-widget elementor-widget-html\" data-id=\"1bd8a9d\" data-element_type=\"widget\" data-widget_type=\"html.default\">\n\t\t\t\t<div class=\"elementor-widget-container\">\n\t\t\t\t\t<table style=\"border: 2px solid black; width:100%; border-collapse: collapse; background-color: #5c80a8; color: white; text-align: center;\">\r\n  <thead>\r\n    <tr style=\"background-color: #ffffff; color: black;\">\r\n      <th colspan=\"2\" style=\"border: 1px solid #000; padding: 8px;\">Descontos<\/th>\r\n    <\/tr>\r\n    <tr>\r\n<th style=\"border: 1px solid #000; padding: 8px; font-weight: normal;\">Assinatura<\/th>\r\n<th style=\"border: 1px solid #000; padding: 8px; background-color: #94B4D3; font-weight: normal;\">maior que 60%<\/th>\r\n\r\n    <\/tr>\r\n  <\/thead>\r\n  <tbody>\r\n    <tr>\r\n      <td style=\"border: 1px solid #000; padding: 8px;\">Local FIXO\/FIXO<\/td>\r\n      <td style=\"border: 1px solid #000; padding: 8px;  background-color: #94B4D3\">at\u00e9 25%<\/td>\r\n    <\/tr>\r\n    <tr>\r\n      <td style=\"border: 1px solid #000; padding: 8px;\">Local FIXO\/CELULAR<\/td>\r\n      <td style=\"border: 1px solid #000; padding: 8px; background-color: #94B4D3\">at\u00e9 35%<\/td>\r\n    <\/tr>\r\n    <tr>\r\n      <td style=\"border: 1px solid #000; padding: 8px;\">DDD FIXO\/FIXO<\/td>\r\n      <td style=\"border: 1px solid #000; padding: 8px; background-color: #94B4D3\">at\u00e9 20%<\/td>\r\n    <\/tr>\r\n    <tr>\r\n      <td style=\"border: 1px solid #000; padding: 8px;\">DDD FIXO\/CELULAR<\/td>\r\n      <td style=\"border: 1px solid #000; padding: 8px; background-color: #94B4D3\">at\u00e9 30%<\/td>\r\n    <\/tr>\r\n  <\/tbody>\r\n<\/table>\r\n\t\t\t\t<\/div>\n\t\t\t\t<\/div>\n\t\t\t\t<div class=\"elementor-element elementor-element-0e752c7 elementor-widget elementor-widget-text-editor\" data-id=\"0e752c7\" data-element_type=\"widget\" data-widget_type=\"text-editor.default\">\n\t\t\t\t<div class=\"elementor-widget-container\">\n\t\t\t\t\t\t\t\t\t<p><span class=\"textointerno\"><a href=\"https:\/\/wavenet.com.br\/?page_id=595\">Para saber mais sobre o WavePhone, clique aqui e veja o que os pr\u00f3prios usu\u00e1rios tem a dizer!<\/a><\/span><\/p>\t\t\t\t\t\t\t\t<\/div>\n\t\t\t\t<\/div>\n\t\t\t\t<div class=\"elementor-element elementor-element-f9d181a elementor-widget elementor-widget-text-editor\" data-id=\"f9d181a\" data-element_type=\"widget\" data-widget_type=\"text-editor.default\">\n\t\t\t\t<div class=\"elementor-widget-container\">\n\t\t\t\t\t\t\t\t\t<p><span class=\"textointerno\"><b>WAVEPHONE &#8211; O Novo Servi\u00e7o de Telefonia Wavenet.<\/b><br \/>Mais uma solu\u00e7\u00e3o inteligente que a Wavenet oferece para sua empresa.<\/span><\/p>\t\t\t\t\t\t\t\t<\/div>\n\t\t\t\t<\/div>\n\t\t\t\t\t<\/div>\n\t\t\t\t<\/div>\n\t\t\t\t<\/div>\n\t\t","protected":false},"excerpt":{"rendered":"<p>WAVEPHONE &#8211; Sistema de Telefonia Wavenet A Wavenet, empresa pioneira na comunica\u00e7\u00e3o wireless, est\u00e1 sempre trazendo solu\u00e7\u00f5es inovadoras, unindo tecnologia de ponta a \u00f3timos custos. Seu mais novo lan\u00e7amento \u00e9 o sistema de acesso \u00e0 telefonia p\u00fablica que permite diminuir sua conta telef\u00f4nica mensal, no m\u00ednimo, em 20%. E como isso acontece? A Wavenet assume o seu acesso \u00e0 rede de telefonia p\u00fablica e, por operar em grande escala, ela obt\u00e9m negocia\u00e7\u00f5es mais vantajosas, cujos ganhos ela ir\u00e1 dividir com voc\u00ea. O que isso significa? No sistema de telefonia Wavenet, voc\u00ea s\u00f3 paga pelo que consome. A Wavenet vai cobrar apenas o custo do tempo real da chamada e n\u00e3o o custo aleat\u00f3rio do &#8220;pulso&#8221;. Assim, se voc\u00ea falar 1 minuto e 20 segundos, voc\u00ea sabe que ir\u00e1 pagar por 1 minuto e 20 segundos. Se voc\u00ea nunca tinha ouvido falar de um sistema assim, est\u00e1 na hora de voc\u00ea falar com a Wavenet. A tabela abaixo mostra o quanto se pode obter em descontos em liga\u00e7\u00f5es (por minuto) utilizando o novo sistema de telefonia Wavenet: Descontos Assinatura maior que 60% Local FIXO\/FIXO at\u00e9 25% Local FIXO\/CELULAR at\u00e9 35% DDD FIXO\/FIXO at\u00e9 20% DDD FIXO\/CELULAR at\u00e9 30% Para saber mais sobre o WavePhone, clique aqui e veja o que os pr\u00f3prios usu\u00e1rios tem a dizer! WAVEPHONE &#8211; O Novo Servi\u00e7o de Telefonia Wavenet.Mais uma solu\u00e7\u00e3o inteligente que a Wavenet oferece para sua empresa.<\/p>\n","protected":false},"author":1,"featured_media":0,"parent":0,"menu_order":0,"comment_status":"closed","ping_status":"closed","template":"","meta":{"footnotes":""},"class_list":["post-579","page","type-page","status-publish","hentry"],"_links":{"self":[{"href":"https:\/\/wavenet.com.br\/index.php?rest_route=\/wp\/v2\/pages\/579","targetHints":{"allow":["GET"]}}],"collection":[{"href":"https:\/\/wavenet.com.br\/index.php?rest_route=\/wp\/v2\/pages"}],"about":[{"href":"https:\/\/wavenet.com.br\/index.php?rest_route=\/wp\/v2\/types\/page"}],"author":[{"embeddable":true,"href":"https:\/\/wavenet.com.br\/index.php?rest_route=\/wp\/v2\/users\/1"}],"replies":[{"embeddable":true,"href":"https:\/\/wavenet.com.br\/index.php?rest_route=%2Fwp%2Fv2%2Fcomments&post=579"}],"version-history":[{"count":19,"href":"https:\/\/wavenet.com.br\/index.php?rest_route=\/wp\/v2\/pages\/579\/revisions"}],"predecessor-version":[{"id":621,"href":"https:\/\/wavenet.com.br\/index.php?rest_route=\/wp\/v2\/pages\/579\/revisions\/621"}],"wp:attachment":[{"href":"https:\/\/wavenet.com.br\/index.php?rest_route=%2Fwp%2Fv2%2Fmedia&parent=579"}],"curies":[{"name":"wp","href":"https:\/\/api.w.org\/{rel}","templated":true}]}}