{"id":558,"date":"2025-07-08T19:42:15","date_gmt":"2025-07-08T19:42:15","guid":{"rendered":"https:\/\/wavenet.com.br\/?page_id=558"},"modified":"2025-07-08T19:44:00","modified_gmt":"2025-07-08T19:44:00","slug":"conexao-por-radio-permite-economia","status":"publish","type":"page","link":"https:\/\/wavenet.com.br\/?page_id=558","title":{"rendered":"Conex\u00e3o por r\u00e1dio permite economia"},"content":{"rendered":"\t\t<div data-elementor-type=\"wp-page\" data-elementor-id=\"558\" class=\"elementor elementor-558\" data-elementor-post-type=\"page\">\n\t\t\t\t<div class=\"elementor-element elementor-element-1fb7e9c e-flex e-con-boxed wpr-particle-no wpr-jarallax-no wpr-parallax-no wpr-sticky-section-no e-con e-parent\" data-id=\"1fb7e9c\" data-element_type=\"container\" data-settings=\"{&quot;background_background&quot;:&quot;classic&quot;}\">\n\t\t\t\t\t<div class=\"e-con-inner\">\n\t\t\t\t<div class=\"elementor-element elementor-element-fdd6e4d elementor-widget elementor-widget-text-editor\" data-id=\"fdd6e4d\" data-element_type=\"widget\" data-widget_type=\"text-editor.default\">\n\t\t\t\t<div class=\"elementor-widget-container\">\n\t\t\t\t\t\t\t\t\t<p><span class=\"chamadas\"><strong>Conex\u00e3o por r\u00e1dio permite economia<\/strong><br \/><\/span><\/p><p class=\"textointerno\">Quem utiliza muito a internet nos dias e hor\u00e1rios de multipulso e anda assustado com o conta telef\u00f4nica no final do m\u00eas pode optar pela conex\u00e3o via ondas de r\u00e1dio. A tecnologia de origem americana (wireless internet access) est\u00e1 sendo disponibilizada em Salvador pela Wavenet, h\u00e1 dois anos, tanto para condom\u00ednios empresariais como residenciais, verticais e horizontais. &#8220;O grupo m\u00ednimo para a gente instalar a antena de r\u00e1dio \u00e9 de dez cond\u00f4minos&#8221;, diz A\u00edrton Tambelini, diretor comercial da Wavenet, empresa baiana pioneira na tecnologia que j\u00e1 tem clientes do porte do Shopping Barra, Previna, Vitalmed, al\u00e9m de edif\u00edcios de luxo da cidade.<\/p><p class=\"textointerno\">N\u00e3o que o servi\u00e7o seja caro. \u00c9 at\u00e9 relativamente acess\u00edvel, se comparado aos custos com liga\u00e7\u00f5es telef\u00f4nicas demoradas. &#8220;Para condom\u00ednios horizontais, a instala\u00e7\u00e3o sai por duas parcelas de R$100 mais a taxa mensal de R$90 por cond\u00f4mino. Para os verticais, s\u00e3o tr\u00eas mensalidades de R$50 mais R$50 de taxa mensal para cada cond\u00f4mino&#8221;, explica A\u00edrton. Ele assegura que o acesso \u00e0 internet por ondas de r\u00e1dio \u00e9 bem mais r\u00e1pido (link de 128kbs) e a conex\u00e3o de qualidade. &#8220;Fomos um dos primeiros clientes da Wavenet, faz dois anos, e at\u00e9 hoje n\u00e3o temos nada a nos queixar&#8221;, conta Ricardo Machado, morador e membro do conselho fiscal do condom\u00ednio Edif\u00edcio Torre de Osaka, no Horto Florestal, em Brotas.<\/p><p class=\"textointerno\">Consultor de empresas, Ricardo est\u00e1 sempre conectado \u00e0 rede, trocando pesados arquivos com clientes em outros estados. &#8220;A internet via r\u00e1dio atende bem \u00e0s minhas necessidades, por oferecer mais velocidade e economia&#8221;, assinala. E ele faz quest\u00e3o de ressaltar: &#8220;Pagamos a mesma mensalidade, de R$50, desde o in\u00edcio do contrato. Nunca aumentaram&#8221;.<\/p>\t\t\t\t\t\t\t\t<\/div>\n\t\t\t\t<\/div>\n\t\t\t\t\t<\/div>\n\t\t\t\t<\/div>\n\t\t\t\t<\/div>\n\t\t","protected":false},"excerpt":{"rendered":"<p>Conex\u00e3o por r\u00e1dio permite economia Quem utiliza muito a internet nos dias e hor\u00e1rios de multipulso e anda assustado com o conta telef\u00f4nica no final do m\u00eas pode optar pela conex\u00e3o via ondas de r\u00e1dio. A tecnologia de origem americana (wireless internet access) est\u00e1 sendo disponibilizada em Salvador pela Wavenet, h\u00e1 dois anos, tanto para condom\u00ednios empresariais como residenciais, verticais e horizontais. &#8220;O grupo m\u00ednimo para a gente instalar a antena de r\u00e1dio \u00e9 de dez cond\u00f4minos&#8221;, diz A\u00edrton Tambelini, diretor comercial da Wavenet, empresa baiana pioneira na tecnologia que j\u00e1 tem clientes do porte do Shopping Barra, Previna, Vitalmed, al\u00e9m de edif\u00edcios de luxo da cidade. N\u00e3o que o servi\u00e7o seja caro. \u00c9 at\u00e9 relativamente acess\u00edvel, se comparado aos custos com liga\u00e7\u00f5es telef\u00f4nicas demoradas. &#8220;Para condom\u00ednios horizontais, a instala\u00e7\u00e3o sai por duas parcelas de R$100 mais a taxa mensal de R$90 por cond\u00f4mino. Para os verticais, s\u00e3o tr\u00eas mensalidades de R$50 mais R$50 de taxa mensal para cada cond\u00f4mino&#8221;, explica A\u00edrton. Ele assegura que o acesso \u00e0 internet por ondas de r\u00e1dio \u00e9 bem mais r\u00e1pido (link de 128kbs) e a conex\u00e3o de qualidade. &#8220;Fomos um dos primeiros clientes da Wavenet, faz dois anos, e at\u00e9 hoje n\u00e3o temos nada a nos queixar&#8221;, conta Ricardo Machado, morador e membro do conselho fiscal do condom\u00ednio Edif\u00edcio Torre de Osaka, no Horto Florestal, em Brotas. Consultor de empresas, Ricardo est\u00e1 sempre conectado \u00e0 rede, trocando pesados arquivos com clientes em outros estados. &#8220;A internet via r\u00e1dio atende bem \u00e0s minhas necessidades, por oferecer mais velocidade e economia&#8221;, assinala. E ele faz quest\u00e3o de ressaltar: &#8220;Pagamos a mesma mensalidade, de R$50, desde o in\u00edcio do contrato. Nunca aumentaram&#8221;.<\/p>\n","protected":false},"author":1,"featured_media":0,"parent":0,"menu_order":0,"comment_status":"closed","ping_status":"closed","template":"","meta":{"footnotes":""},"class_list":["post-558","page","type-page","status-publish","hentry"],"_links":{"self":[{"href":"https:\/\/wavenet.com.br\/index.php?rest_route=\/wp\/v2\/pages\/558","targetHints":{"allow":["GET"]}}],"collection":[{"href":"https:\/\/wavenet.com.br\/index.php?rest_route=\/wp\/v2\/pages"}],"about":[{"href":"https:\/\/wavenet.com.br\/index.php?rest_route=\/wp\/v2\/types\/page"}],"author":[{"embeddable":true,"href":"https:\/\/wavenet.com.br\/index.php?rest_route=\/wp\/v2\/users\/1"}],"replies":[{"embeddable":true,"href":"https:\/\/wavenet.com.br\/index.php?rest_route=%2Fwp%2Fv2%2Fcomments&post=558"}],"version-history":[{"count":7,"href":"https:\/\/wavenet.com.br\/index.php?rest_route=\/wp\/v2\/pages\/558\/revisions"}],"predecessor-version":[{"id":566,"href":"https:\/\/wavenet.com.br\/index.php?rest_route=\/wp\/v2\/pages\/558\/revisions\/566"}],"wp:attachment":[{"href":"https:\/\/wavenet.com.br\/index.php?rest_route=%2Fwp%2Fv2%2Fmedia&parent=558"}],"curies":[{"name":"wp","href":"https:\/\/api.w.org\/{rel}","templated":true}]}}