{"id":535,"date":"2025-07-08T19:37:07","date_gmt":"2025-07-08T19:37:07","guid":{"rendered":"https:\/\/wavenet.com.br\/?page_id=535"},"modified":"2025-07-08T19:40:40","modified_gmt":"2025-07-08T19:40:40","slug":"acesso-via-ondas-de-radio-traz-velocidade-a-custo-baixo","status":"publish","type":"page","link":"https:\/\/wavenet.com.br\/?page_id=535","title":{"rendered":"Acesso via ondas de r\u00e1dio traz velocidade a custo baixo"},"content":{"rendered":"\t\t<div data-elementor-type=\"wp-page\" data-elementor-id=\"535\" class=\"elementor elementor-535\" data-elementor-post-type=\"page\">\n\t\t\t\t<div class=\"elementor-element elementor-element-c72d08b e-flex e-con-boxed wpr-particle-no wpr-jarallax-no wpr-parallax-no wpr-sticky-section-no e-con e-parent\" data-id=\"c72d08b\" data-element_type=\"container\" data-settings=\"{&quot;background_background&quot;:&quot;classic&quot;}\">\n\t\t\t\t\t<div class=\"e-con-inner\">\n\t\t\t\t<div class=\"elementor-element elementor-element-22a7285 elementor-widget__width-initial elementor-widget elementor-widget-text-editor\" data-id=\"22a7285\" data-element_type=\"widget\" data-widget_type=\"text-editor.default\">\n\t\t\t\t<div class=\"elementor-widget-container\">\n\t\t\t\t\t\t\t\t\t<p><strong><span class=\"chamadas\">Acesso via ondas de r\u00e1dio traz velocidade a custo baixo<\/span><\/strong><\/p><p><span style=\"color: #667; opacity: 0.85; font-size: 0.9em;\">Wladimir Caz\u00e9<\/span><span class=\"chamadas\"><br \/><\/span><\/p><p class=\"creditos\"><span class=\"textointerno\">A expans\u00e3o das aplica\u00e7\u00f5es multim\u00eddia na internet (imagem, som, voz) exige cada vez mais velocidade das conex\u00f5es, fazendo da banda larga o sonho de consumo de todo internauta compulsivo. Uma das op\u00e7\u00f5es mais promissoras j\u00e1 dispon\u00edveis \u00e9 o acesso \u00e0 WWW via ondas de r\u00e1dio ? que, ao contr\u00e1rio de outras modalidades de banda larga, dispensa a linha telef\u00f4nica, n\u00e3o usa modens e s\u00f3 transmite dados. A modalidade de conex\u00e3o funciona com ondas de r\u00e1dio em alta frequ\u00eancia (num sistema similar ao da telefonia celular), que oferece boas taxas de velocidade, conex\u00e3o cont\u00ednua e custo relativamente menor (considerando que o pulso telef\u00f4nico n\u00e3o \u00e9 contado), podendo ser uma boa solu\u00e7\u00e3o para empresas e condom\u00ednios residenciais.<\/span><\/p><p class=\"textointerno\">A novidade foi tema da palestra Internet sem fio, promovida pelo Grupo de Estudos em Cibercultura (Grec) da Faculdade de Comunica\u00e7\u00e3o da Ufba (www.facom.ufba.br\/ciberpesquisa) e apresentada por Marcone Cerqueira, diretor t\u00e9cnico da Wavenet (www.wave-net.com.br), na sede da escola, no Campus de Ondina, na manh\u00e3 de sexta-feira passada.<\/p><p class=\"textointerno\">A Wavenet \u00e9 uma das empresas que oferecem o servi\u00e7o de acesso por r\u00e1dio em Salvador. Pioneira no servi\u00e7o, a empresa surgiu quando, h\u00e1 cerca de tr\u00eas anos, o Cons\u00f3rcio Mar\u00edtimo da Bahia (Comab) sentiu necessidade de interligar, via internet, o sistema de microcomputadores dos v\u00e1rios ferry-boats que fazem a linha entre Salvador e Itaparica com o terminal. &#8220;Na \u00e9poca, os servi\u00e7os oferecidos eram caros e pouco confi\u00e1veis, e n\u00f3s apresentamos uma proposta de conex\u00e3o via ondas de r\u00e1dio que at\u00e9 hoje \u00e9 usada l\u00e1&#8221;, conta Cerqueira.<\/p><p class=\"textointerno\">Operando comercialmente h\u00e1 um ano com frequ\u00eancia de 2,4GHz (Gigahertz), o sistema da Wavenet suporta velocidades de at\u00e9 11MBPS (megabits por segundo). &#8220;Mas como a velocidade final do usu\u00e1rio depende dos backbones, o acesso geralmente fica em torno de at\u00e9 512KBPS&#8221;, informa o diretor t\u00e9cnico. A empresa fornece o endere\u00e7o de IP v\u00e1lido a ser usado para a conex\u00e3o com a WWW. O equipamento empregado \u00e9 da Lucent, cujos aparelhos s\u00e3o compat\u00edveis com os de outros fabricantes, como Cisco e Nortel.<\/p><p class=\"textointerno\">Em visada direta (com uso adicional de equipamentos adequados, como amplificadores de onda e antenas direcionais, que fazem enlace de c\u00e9lulas repetidoras, ampliando \u00e1rea de cobertura), a rede alcan\u00e7a at\u00e9 30km, mas a amplitude em torno da repetidora s\u00f3 vai at\u00e9 entre oito e dez quil\u00f4metros. &#8220;Quanto maior a amplitude, menor a dist\u00e2ncia alcan\u00e7ada&#8221;, explica Cerqueira. Atualmente, a \u00e1rea de cobertura da rede da Wavenet conta com c\u00e9lulas repetidoras no Bonfim (que serve \u00e0s regi\u00f5es adjacentes ao Com\u00e9rcio e \u00e0 Cal\u00e7ada), Federa\u00e7\u00e3o, Av. Tancredo Neves (onde fica a sede da empresa), Stiep (que cobre parte da orla, Boca do Rio, Iguatemi e Itaigara) e Horto Florestal.<\/p><p class=\"textointerno\">Quedas do linque s\u00e3o evitadas com o uso da tecnologia speed spectrum, que emprega uma faixa de frequ\u00eancia (ao inv\u00e9s de apenas um canal) para realizar as transmiss\u00f5es radiof\u00f4nicas, garantindo assim a estabilidade da conex\u00e3o e sua resist\u00eancia \u00e0 interfer\u00eancia de fatores externos &#8211; como varia\u00e7\u00f5es clim\u00e1ticas e outros r\u00e1dios, que poderiam &#8220;derrubar&#8221; temporariamente o acesso.<\/p><p class=\"textointerno\">Em condom\u00ednios verticais, o pr\u00e9dio precisa adquirir o sistema de antena e r\u00e1dio e pagar um custo de instala\u00e7\u00e3o total de R$4.500 ? &#8220;que, rateado entre 15 usu\u00e1rios, fica em tr\u00eas parcelas de R$100 por cada usu\u00e1rio&#8221;, ilustra Cerqueira. A mensalidade \u00e9 de R$50 (inclusos os servi\u00e7os de e-mail, FTP e WWW). Para condom\u00ednios horizontais, o servi\u00e7o sai bem mais caro, porque cada resid\u00eancia necessitaria de um sistema de antenas individual com receptor pr\u00f3prio. Parceria da empresa com o Terra prov\u00ea barateamento do servi\u00e7o de conex\u00e3o via r\u00e1dio a clientes do provedor de acesso.<\/p><p class=\"textointerno\">Desde julho, o acesso \u00e0 rede via r\u00e1dio tamb\u00e9m \u00e9 oferecido pela IFX (www.ifx.com.br) &#8211; principalmente para empresas, &#8220;devido ao custo elevado&#8221;, como explica o gerente regional Raul Motta. &#8220;Mesmo assim, nosso linque dedicado \u00e9 mais barato que o da Telemar e o da Maxitel&#8221;, garante.<\/p><p class=\"textointerno\">O linque de 64KBPS (acesso real &#8220;at\u00e9 a sa\u00edda da internet&#8221;) custa R$767 mensais, pelo aluguel do equipamento (da fabricante WaveLAN, que tamb\u00e9m utiliza a speed spectrum). O acesso a 2 MBPS custa aproximandamente R$16 mil. A taxa de instala\u00e7\u00e3o do r\u00e1dio e da antena sai, nos dois casos, por R$900 (caso o contratante j\u00e1 tenha algum tipo de acesso dedicado, fica isento dessa taxa). Al\u00e9m do linque dedicado, o cliente recebe os servi\u00e7os de um provedor de acesso comum: dom\u00ednio virtual e contas de acesso e de e-mail. Condom\u00ednios tamb\u00e9m podem contratar o servi\u00e7o.<\/p><p class=\"textointerno\">As dez repetidoras da rede da IFX oferecem cobertura do Com\u00e9rcio at\u00e9 o final da Paralela. A partir de fevereiro, o munic\u00edpio de Lauro de Freitas tamb\u00e9m poder\u00e1 utilizar o servi\u00e7o.<\/p><p><strong><span style=\"color: #667; opacity: 0.85; font-size: 0.9em;\">Usuarios<\/span><\/strong><\/p><p class=\"textointerno\">O analista de sistemas Ailson Sampaio Carvalho organizou, h\u00e1 sete meses, a instala\u00e7\u00e3o do servi\u00e7o da Wavenet em tr\u00eas apartamentos do pr\u00e9dio onde mora, no Stiep. &#8220;A instala\u00e7\u00e3o foi feita atrav\u00e9s de acordo entre os moradores, sem rela\u00e7\u00e3o nenhuma com o condom\u00ednio&#8221;, explica. Com um dos vizinhos, Carvalho tem sociedade na empresa TouristNet (www.touristnet.com.br), que desenvolve quiosques de auto-atendimento em e-mail e servi\u00e7os de informa\u00e7\u00e3o tur\u00edstica, instalados em v\u00e1rios pontos da cidade. Ele considera o aceso via r\u00e1dio &#8220;mais pr\u00e1tico do que a conex\u00e3o via cabo&#8221; e est\u00e1 satisfeito com a velocidade de at\u00e9 128 KBPS que vem obtendo.<\/p><p class=\"textointerno\">Para Carvalho, uma das vantagens do acesso \u00e0 internet via r\u00e1dio \u00e9 a flexibilidade do local de onde a conex\u00e3o pode ser feita. &#8220;Se quiser, posso levar a minha antena para outro micro e acesso a internet, desde que esteja dentro da \u00e1rea de cobertura&#8221;, explica. Para fazer isso, ele s\u00f3 precisa pedir ao suporte t\u00e9cnico da Wavenet um novo endere\u00e7o IP a cada vez que deslocar a antena ? o que pode ser resolvido com uma liga\u00e7\u00e3o telef\u00f4nica.<\/p><p class=\"textointerno\">A continuidade da conex\u00e3o, fundamental para o trabalho de Carvalho na TouristNet, \u00e9 outro ponto que ele destaca. &#8220;Mesmo quando est\u00e1 chovendo, o acesso n\u00e3o cai&#8221;, diz.<\/p><p><span class=\"textointerno\">A Faculdade Visconde de Cairu tamb\u00e9m instalou o servi\u00e7o da Wavenet h\u00e1 sete meses e, de acordo com seu gerente de inform\u00e1tica, Joseval Santana, o linque dedicado de 256 MBPS est\u00e1 servindo bem \u00e0s necessidades da rede de 150 micros, entre m\u00e1quinas do laborat\u00f3rio de internet e m\u00e1quinas de outros departamentos. Ele diz que, entre os alunos, o sentimento geral \u00e9 de satisfa\u00e7\u00e3o com o servi\u00e7o. &#8220;T\u00ednhamos alguns problemas de quedas freq\u00fcentes de conex\u00e3o, que foram significativamente reduzidos depois que a Wavenet fez a instala\u00e7\u00e3o do no-breaks&#8221;, conta. A Faculdade aguarda agora a emiss\u00e3o de um relat\u00f3rio qualitativo, oferecido pela empresa, sobre o uso da banda e a velocidade de acesso obtida com a antena.<\/span><\/p>\t\t\t\t\t\t\t\t<\/div>\n\t\t\t\t<\/div>\n\t\t\t\t\t<\/div>\n\t\t\t\t<\/div>\n\t\t\t\t<\/div>\n\t\t","protected":false},"excerpt":{"rendered":"<p>Acesso via ondas de r\u00e1dio traz velocidade a custo baixo Wladimir Caz\u00e9 A expans\u00e3o das aplica\u00e7\u00f5es multim\u00eddia na internet (imagem, som, voz) exige cada vez mais velocidade das conex\u00f5es, fazendo da banda larga o sonho de consumo de todo internauta compulsivo. Uma das op\u00e7\u00f5es mais promissoras j\u00e1 dispon\u00edveis \u00e9 o acesso \u00e0 WWW via ondas de r\u00e1dio ? que, ao contr\u00e1rio de outras modalidades de banda larga, dispensa a linha telef\u00f4nica, n\u00e3o usa modens e s\u00f3 transmite dados. A modalidade de conex\u00e3o funciona com ondas de r\u00e1dio em alta frequ\u00eancia (num sistema similar ao da telefonia celular), que oferece boas taxas de velocidade, conex\u00e3o cont\u00ednua e custo relativamente menor (considerando que o pulso telef\u00f4nico n\u00e3o \u00e9 contado), podendo ser uma boa solu\u00e7\u00e3o para empresas e condom\u00ednios residenciais. A novidade foi tema da palestra Internet sem fio, promovida pelo Grupo de Estudos em Cibercultura (Grec) da Faculdade de Comunica\u00e7\u00e3o da Ufba (www.facom.ufba.br\/ciberpesquisa) e apresentada por Marcone Cerqueira, diretor t\u00e9cnico da Wavenet (www.wave-net.com.br), na sede da escola, no Campus de Ondina, na manh\u00e3 de sexta-feira passada. A Wavenet \u00e9 uma das empresas que oferecem o servi\u00e7o de acesso por r\u00e1dio em Salvador. Pioneira no servi\u00e7o, a empresa surgiu quando, h\u00e1 cerca de tr\u00eas anos, o Cons\u00f3rcio Mar\u00edtimo da Bahia (Comab) sentiu necessidade de interligar, via internet, o sistema de microcomputadores dos v\u00e1rios ferry-boats que fazem a linha entre Salvador e Itaparica com o terminal. &#8220;Na \u00e9poca, os servi\u00e7os oferecidos eram caros e pouco confi\u00e1veis, e n\u00f3s apresentamos uma proposta de conex\u00e3o via ondas de r\u00e1dio que at\u00e9 hoje \u00e9 usada l\u00e1&#8221;, conta Cerqueira. Operando comercialmente h\u00e1 um ano com frequ\u00eancia de 2,4GHz (Gigahertz), o sistema da Wavenet suporta velocidades de at\u00e9 11MBPS (megabits por segundo). &#8220;Mas como a velocidade final do usu\u00e1rio depende dos backbones, o acesso geralmente fica em torno de at\u00e9 512KBPS&#8221;, informa o diretor t\u00e9cnico. A empresa fornece o endere\u00e7o de IP v\u00e1lido a ser usado para a conex\u00e3o com a WWW. O equipamento empregado \u00e9 da Lucent, cujos aparelhos s\u00e3o compat\u00edveis com os de outros fabricantes, como Cisco e Nortel. Em visada direta (com uso adicional de equipamentos adequados, como amplificadores de onda e antenas direcionais, que fazem enlace de c\u00e9lulas repetidoras, ampliando \u00e1rea de cobertura), a rede alcan\u00e7a at\u00e9 30km, mas a amplitude em torno da repetidora s\u00f3 vai at\u00e9 entre oito e dez quil\u00f4metros. &#8220;Quanto maior a amplitude, menor a dist\u00e2ncia alcan\u00e7ada&#8221;, explica Cerqueira. Atualmente, a \u00e1rea de cobertura da rede da Wavenet conta com c\u00e9lulas repetidoras no Bonfim (que serve \u00e0s regi\u00f5es adjacentes ao Com\u00e9rcio e \u00e0 Cal\u00e7ada), Federa\u00e7\u00e3o, Av. Tancredo Neves (onde fica a sede da empresa), Stiep (que cobre parte da orla, Boca do Rio, Iguatemi e Itaigara) e Horto Florestal. Quedas do linque s\u00e3o evitadas com o uso da tecnologia speed spectrum, que emprega uma faixa de frequ\u00eancia (ao inv\u00e9s de apenas um canal) para realizar as transmiss\u00f5es radiof\u00f4nicas, garantindo assim a estabilidade da conex\u00e3o e sua resist\u00eancia \u00e0 interfer\u00eancia de fatores externos &#8211; como varia\u00e7\u00f5es clim\u00e1ticas e outros r\u00e1dios, que poderiam &#8220;derrubar&#8221; temporariamente o acesso. Em condom\u00ednios verticais, o pr\u00e9dio precisa adquirir o sistema de antena e r\u00e1dio e pagar um custo de instala\u00e7\u00e3o total de R$4.500 ? &#8220;que, rateado entre 15 usu\u00e1rios, fica em tr\u00eas parcelas de R$100 por cada usu\u00e1rio&#8221;, ilustra Cerqueira. A mensalidade \u00e9 de R$50 (inclusos os servi\u00e7os de e-mail, FTP e WWW). Para condom\u00ednios horizontais, o servi\u00e7o sai bem mais caro, porque cada resid\u00eancia necessitaria de um sistema de antenas individual com receptor pr\u00f3prio. Parceria da empresa com o Terra prov\u00ea barateamento do servi\u00e7o de conex\u00e3o via r\u00e1dio a clientes do provedor de acesso. Desde julho, o acesso \u00e0 rede via r\u00e1dio tamb\u00e9m \u00e9 oferecido pela IFX (www.ifx.com.br) &#8211; principalmente para empresas, &#8220;devido ao custo elevado&#8221;, como explica o gerente regional Raul Motta. &#8220;Mesmo assim, nosso linque dedicado \u00e9 mais barato que o da Telemar e o da Maxitel&#8221;, garante. O linque de 64KBPS (acesso real &#8220;at\u00e9 a sa\u00edda da internet&#8221;) custa R$767 mensais, pelo aluguel do equipamento (da fabricante WaveLAN, que tamb\u00e9m utiliza a speed spectrum). O acesso a 2 MBPS custa aproximandamente R$16 mil. A taxa de instala\u00e7\u00e3o do r\u00e1dio e da antena sai, nos dois casos, por R$900 (caso o contratante j\u00e1 tenha algum tipo de acesso dedicado, fica isento dessa taxa). Al\u00e9m do linque dedicado, o cliente recebe os servi\u00e7os de um provedor de acesso comum: dom\u00ednio virtual e contas de acesso e de e-mail. Condom\u00ednios tamb\u00e9m podem contratar o servi\u00e7o. As dez repetidoras da rede da IFX oferecem cobertura do Com\u00e9rcio at\u00e9 o final da Paralela. A partir de fevereiro, o munic\u00edpio de Lauro de Freitas tamb\u00e9m poder\u00e1 utilizar o servi\u00e7o. Usuarios O analista de sistemas Ailson Sampaio Carvalho organizou, h\u00e1 sete meses, a instala\u00e7\u00e3o do servi\u00e7o da Wavenet em tr\u00eas apartamentos do pr\u00e9dio onde mora, no Stiep. &#8220;A instala\u00e7\u00e3o foi feita atrav\u00e9s de acordo entre os moradores, sem rela\u00e7\u00e3o nenhuma com o condom\u00ednio&#8221;, explica. Com um dos vizinhos, Carvalho tem sociedade na empresa TouristNet (www.touristnet.com.br), que desenvolve quiosques de auto-atendimento em e-mail e servi\u00e7os de informa\u00e7\u00e3o tur\u00edstica, instalados em v\u00e1rios pontos da cidade. Ele considera o aceso via r\u00e1dio &#8220;mais pr\u00e1tico do que a conex\u00e3o via cabo&#8221; e est\u00e1 satisfeito com a velocidade de at\u00e9 128 KBPS que vem obtendo. Para Carvalho, uma das vantagens do acesso \u00e0 internet via r\u00e1dio \u00e9 a flexibilidade do local de onde a conex\u00e3o pode ser feita. &#8220;Se quiser, posso levar a minha antena para outro micro e acesso a internet, desde que esteja dentro da \u00e1rea de cobertura&#8221;, explica. Para fazer isso, ele s\u00f3 precisa pedir ao suporte t\u00e9cnico da Wavenet um novo endere\u00e7o IP a cada vez que deslocar a antena ? o que pode ser resolvido com uma liga\u00e7\u00e3o telef\u00f4nica. A continuidade da conex\u00e3o, fundamental para o trabalho de Carvalho na TouristNet, \u00e9 outro ponto que ele destaca. &#8220;Mesmo quando est\u00e1 chovendo, o acesso n\u00e3o cai&#8221;, diz. A Faculdade Visconde de Cairu tamb\u00e9m instalou o servi\u00e7o da Wavenet h\u00e1 sete meses e, de acordo com seu gerente de inform\u00e1tica, Joseval<\/p>\n","protected":false},"author":1,"featured_media":0,"parent":0,"menu_order":0,"comment_status":"closed","ping_status":"closed","template":"","meta":{"footnotes":""},"class_list":["post-535","page","type-page","status-publish","hentry"],"_links":{"self":[{"href":"https:\/\/wavenet.com.br\/index.php?rest_route=\/wp\/v2\/pages\/535","targetHints":{"allow":["GET"]}}],"collection":[{"href":"https:\/\/wavenet.com.br\/index.php?rest_route=\/wp\/v2\/pages"}],"about":[{"href":"https:\/\/wavenet.com.br\/index.php?rest_route=\/wp\/v2\/types\/page"}],"author":[{"embeddable":true,"href":"https:\/\/wavenet.com.br\/index.php?rest_route=\/wp\/v2\/users\/1"}],"replies":[{"embeddable":true,"href":"https:\/\/wavenet.com.br\/index.php?rest_route=%2Fwp%2Fv2%2Fcomments&post=535"}],"version-history":[{"count":13,"href":"https:\/\/wavenet.com.br\/index.php?rest_route=\/wp\/v2\/pages\/535\/revisions"}],"predecessor-version":[{"id":548,"href":"https:\/\/wavenet.com.br\/index.php?rest_route=\/wp\/v2\/pages\/535\/revisions\/548"}],"wp:attachment":[{"href":"https:\/\/wavenet.com.br\/index.php?rest_route=%2Fwp%2Fv2%2Fmedia&parent=535"}],"curies":[{"name":"wp","href":"https:\/\/api.w.org\/{rel}","templated":true}]}}