{"id":527,"date":"2025-07-08T19:35:21","date_gmt":"2025-07-08T19:35:21","guid":{"rendered":"https:\/\/wavenet.com.br\/?page_id=527"},"modified":"2025-07-08T19:40:56","modified_gmt":"2025-07-08T19:40:56","slug":"faculdade-cayru-adere-ao-sistema","status":"publish","type":"page","link":"https:\/\/wavenet.com.br\/?page_id=527","title":{"rendered":"Faculdade Cayru adere ao sistema"},"content":{"rendered":"\t\t<div data-elementor-type=\"wp-page\" data-elementor-id=\"527\" class=\"elementor elementor-527\" data-elementor-post-type=\"page\">\n\t\t\t\t<div class=\"elementor-element elementor-element-c80052d e-flex e-con-boxed wpr-particle-no wpr-jarallax-no wpr-parallax-no wpr-sticky-section-no e-con e-parent\" data-id=\"c80052d\" data-element_type=\"container\" data-settings=\"{&quot;background_background&quot;:&quot;classic&quot;}\">\n\t\t\t\t\t<div class=\"e-con-inner\">\n\t\t\t\t<div class=\"elementor-element elementor-element-e5f592a elementor-widget__width-initial elementor-widget elementor-widget-text-editor\" data-id=\"e5f592a\" data-element_type=\"widget\" data-widget_type=\"text-editor.default\">\n\t\t\t\t<div class=\"elementor-widget-container\">\n\t\t\t\t\t\t\t\t\t<p><span class=\"chamadas\"><strong>Faculdade Cayru adere ao sistema<\/strong><br \/><\/span><\/p><p class=\"creditos\"><span class=\"textointerno\">Al\u00e9m de acesso \u00e0 internet sem ocupar a linha telef\u00f4nica, a tecnologia traz como diferencial a instala\u00e7\u00e3o de rede local entre dois ou mais pontos sem a utiliza\u00e7\u00e3o de cabos, em locais onde a estrutura f\u00edsica inviabilize a sua instala\u00e7\u00e3o.<br \/>Na Bahia, as empresas desenvolvedoras dessa solu\u00e7\u00e3o tem em sua carteira de clientes empresas, hot\u00e9is, escolas e faculdades. A Wavenet (http:\/\/www.wave-net.com.br) \u00e9 a fornecedora, h\u00e1 quase um ano, de acesso via r\u00e1dio dos quatro laborat\u00f3rios da Faculdade Visconde Cayru.<\/span><\/p><p class=\"textointerno\">O gerente de Inform\u00e1tica da institui\u00e7\u00e3o, Joseval de Melo Santana, citou, como principal benef\u00edcio, a redu\u00e7\u00e3o dos custos em provimento de internet. \u201cNossos gastos com acesso \u00e0 internet via linha dedicada girava em torno de R$ 2.500 mensais\u201d, diz. Os quatro laborat\u00f3rios, com 26 micros, utilizavam um link de 128 K.<\/p><p class=\"textointerno\">Com uma banda maior, os laborat\u00f3rios hoje operam com link de 384 K, a um custo mensal de R$ 3.500. \u201cPara utilizar a internet, estamos pagando R$ 1 mil a mais. Se f\u00f4ssemos utilizar o acesso discado, gastar\u00edamos R$ 5 mil\u201d, avalia Santana.<\/p><p>A instala\u00e7\u00e3o do sistema na Faculdade Cayru custou R$ 1.500. O acesso e utiliza\u00e7\u00e3o da Web est\u00e3o sendo muito mais proveitosos no que diz respeito \u00e0 perman\u00eancia no ar. Os arquivos mais pesados, diz Santana, s\u00e3o baixados com maior rapidez.<\/p><p><span class=\"textointerno\">\u201cFiquei meio receoso, a princ\u00edpio. Ap\u00f3s os primeiros testes, apostei na tecnologia\u201d, salienta. At\u00e9 o final deste ano, os micros da faculdade v\u00e3o estar oferecendo um link de 512 K. Hoje, cerca de 500 alunos acessam as m\u00e1quinas ao mesmo tempo. A institui\u00e7\u00e3o abriga 3,5 mil alunos.<\/span><\/p><p>O primeiro cliente da Wavenet, foi a Comab &#8211; Transporte Mar\u00edtimo da Bahia, onde foi implantado um link via r\u00e1dio, interligando o terminal de \u00c1gua de Meninos, em Salvador, a Bom Despacho, na Ilha de Itaparica, numa dist\u00e2ncia de 13 km pelo mar.<\/p><p>Outra aplica\u00e7\u00e3o do acesso via r\u00e1dio \u00e9 a substitui\u00e7\u00e3o dos links dedicados para transmiss\u00e3o de dados entre matriz e filiais de empresas, promete o sistema da companhia. (RS)<\/p>\t\t\t\t\t\t\t\t<\/div>\n\t\t\t\t<\/div>\n\t\t\t\t\t<\/div>\n\t\t\t\t<\/div>\n\t\t\t\t<\/div>\n\t\t","protected":false},"excerpt":{"rendered":"<p>Faculdade Cayru adere ao sistema Al\u00e9m de acesso \u00e0 internet sem ocupar a linha telef\u00f4nica, a tecnologia traz como diferencial a instala\u00e7\u00e3o de rede local entre dois ou mais pontos sem a utiliza\u00e7\u00e3o de cabos, em locais onde a estrutura f\u00edsica inviabilize a sua instala\u00e7\u00e3o.Na Bahia, as empresas desenvolvedoras dessa solu\u00e7\u00e3o tem em sua carteira de clientes empresas, hot\u00e9is, escolas e faculdades. A Wavenet (http:\/\/www.wave-net.com.br) \u00e9 a fornecedora, h\u00e1 quase um ano, de acesso via r\u00e1dio dos quatro laborat\u00f3rios da Faculdade Visconde Cayru. O gerente de Inform\u00e1tica da institui\u00e7\u00e3o, Joseval de Melo Santana, citou, como principal benef\u00edcio, a redu\u00e7\u00e3o dos custos em provimento de internet. \u201cNossos gastos com acesso \u00e0 internet via linha dedicada girava em torno de R$ 2.500 mensais\u201d, diz. Os quatro laborat\u00f3rios, com 26 micros, utilizavam um link de 128 K. Com uma banda maior, os laborat\u00f3rios hoje operam com link de 384 K, a um custo mensal de R$ 3.500. \u201cPara utilizar a internet, estamos pagando R$ 1 mil a mais. Se f\u00f4ssemos utilizar o acesso discado, gastar\u00edamos R$ 5 mil\u201d, avalia Santana. A instala\u00e7\u00e3o do sistema na Faculdade Cayru custou R$ 1.500. O acesso e utiliza\u00e7\u00e3o da Web est\u00e3o sendo muito mais proveitosos no que diz respeito \u00e0 perman\u00eancia no ar. Os arquivos mais pesados, diz Santana, s\u00e3o baixados com maior rapidez. \u201cFiquei meio receoso, a princ\u00edpio. Ap\u00f3s os primeiros testes, apostei na tecnologia\u201d, salienta. At\u00e9 o final deste ano, os micros da faculdade v\u00e3o estar oferecendo um link de 512 K. Hoje, cerca de 500 alunos acessam as m\u00e1quinas ao mesmo tempo. A institui\u00e7\u00e3o abriga 3,5 mil alunos. O primeiro cliente da Wavenet, foi a Comab &#8211; Transporte Mar\u00edtimo da Bahia, onde foi implantado um link via r\u00e1dio, interligando o terminal de \u00c1gua de Meninos, em Salvador, a Bom Despacho, na Ilha de Itaparica, numa dist\u00e2ncia de 13 km pelo mar. Outra aplica\u00e7\u00e3o do acesso via r\u00e1dio \u00e9 a substitui\u00e7\u00e3o dos links dedicados para transmiss\u00e3o de dados entre matriz e filiais de empresas, promete o sistema da companhia. (RS)<\/p>\n","protected":false},"author":1,"featured_media":0,"parent":0,"menu_order":0,"comment_status":"closed","ping_status":"closed","template":"","meta":{"footnotes":""},"class_list":["post-527","page","type-page","status-publish","hentry"],"_links":{"self":[{"href":"https:\/\/wavenet.com.br\/index.php?rest_route=\/wp\/v2\/pages\/527","targetHints":{"allow":["GET"]}}],"collection":[{"href":"https:\/\/wavenet.com.br\/index.php?rest_route=\/wp\/v2\/pages"}],"about":[{"href":"https:\/\/wavenet.com.br\/index.php?rest_route=\/wp\/v2\/types\/page"}],"author":[{"embeddable":true,"href":"https:\/\/wavenet.com.br\/index.php?rest_route=\/wp\/v2\/users\/1"}],"replies":[{"embeddable":true,"href":"https:\/\/wavenet.com.br\/index.php?rest_route=%2Fwp%2Fv2%2Fcomments&post=527"}],"version-history":[{"count":7,"href":"https:\/\/wavenet.com.br\/index.php?rest_route=\/wp\/v2\/pages\/527\/revisions"}],"predecessor-version":[{"id":551,"href":"https:\/\/wavenet.com.br\/index.php?rest_route=\/wp\/v2\/pages\/527\/revisions\/551"}],"wp:attachment":[{"href":"https:\/\/wavenet.com.br\/index.php?rest_route=%2Fwp%2Fv2%2Fmedia&parent=527"}],"curies":[{"name":"wp","href":"https:\/\/api.w.org\/{rel}","templated":true}]}}