{"id":504,"date":"2025-07-08T19:28:30","date_gmt":"2025-07-08T19:28:30","guid":{"rendered":"https:\/\/wavenet.com.br\/?page_id=504"},"modified":"2025-07-08T19:41:21","modified_gmt":"2025-07-08T19:41:21","slug":"antenado-na-net-sem-fio","status":"publish","type":"page","link":"https:\/\/wavenet.com.br\/?page_id=504","title":{"rendered":"Antenado na net sem fio."},"content":{"rendered":"\t\t<div data-elementor-type=\"wp-page\" data-elementor-id=\"504\" class=\"elementor elementor-504\" data-elementor-post-type=\"page\">\n\t\t\t\t<div class=\"elementor-element elementor-element-4148bf1 e-flex e-con-boxed wpr-particle-no wpr-jarallax-no wpr-parallax-no wpr-sticky-section-no e-con e-parent\" data-id=\"4148bf1\" data-element_type=\"container\" data-settings=\"{&quot;background_background&quot;:&quot;classic&quot;}\">\n\t\t\t\t\t<div class=\"e-con-inner\">\n\t\t\t\t<div class=\"elementor-element elementor-element-e6d2036 elementor-widget elementor-widget-text-editor\" data-id=\"e6d2036\" data-element_type=\"widget\" data-widget_type=\"text-editor.default\">\n\t\t\t\t<div class=\"elementor-widget-container\">\n\t\t\t\t\t\t\t\t\t<strong><span class=\"chamadas\">Antenados na Net sem fio<\/span><\/strong>\n<p class=\"chamadas\"><span class=\"textointerno\">Conex\u00e3o via r\u00e1dio Servi\u00e7o est\u00e1 focado no setor corporativo, mas \u00e9 boa op\u00e7\u00e3o para\npr\u00e9dios residenciais<\/span><\/p>\n<span style=\"color: #667; opacity: 0.85; font-size: 0.9em;\">Regina de S\u00e1<\/span>\n<p class=\"textointerno\"><span class=\"textointerno\">Por que, afinal, o acesso \u00e0 internet via ondas de r\u00e1dio n\u00e3o deslanchou? Esta \u00e9 uma pergunta que, at\u00e9 bem pouco tempo, ainda martelava na cabe\u00e7a daqueles que, h\u00e1 cerca de dois anos, chegavam em Salvador com a proposta de desbancar os modems de 56 K e propor uma conex\u00e3o em rede a partir de 64 K \u201climpos\u201d, sem ru\u00eddos de linha, quedas e contas telef\u00f4nicas astron\u00f4micas.<\/span><\/p>\n<p class=\"textointerno\"><span class=\"textointerno\">A isso se seguiram dois entraves: por conta do boom de acesso gr\u00e1tis, empresas especializadas em wireless tiveram que redirecionar seus neg\u00f3cios e buscar empresas interessadas em novos tipos de conex\u00e3o.<\/span><\/p>\n<p class=\"textointerno\"><span class=\"textointerno\">O cliente corporativo e o de condom\u00ednios ganharam aten\u00e7\u00e3o especial dessas empresas, que, para n\u00e3o perder o fio da meada, mostraram todo o potencial existente no acesso via r\u00e1dio e as vantagens de se investir na tecnologia.<\/span><\/p>\n<p class=\"textointerno\"><span class=\"textointerno\">Naquele momento, a aten\u00e7\u00e3o do mercado estava toda voltada para o provimento gratuito. \u201cPassada a euforia, a batalha agora \u00e9 buscar alternativas de banda larga e parceiros de conte\u00fado dispostos a entrar no neg\u00f3cio\u201d, sentencia o Diretor de Tecnologia da Wavenet, Marcone Cerqueira, que, junto com o Diretor Comercial, Airton Tambellini, aposta todas as fichas na tecnologia wireless, tendo como foco o mercado corporativo.<\/span><\/p>\n<p class=\"textointerno\"><span class=\"textointerno\">As perspectivas s\u00e3o boas no mercado nacional, garante o Gartner Group. Segundo pesquisa do instituto, os pr\u00f3ximos cinco anos ser\u00e3o decisivos na \u00e1rea de provimento de banda larga.<\/span><\/p>\n<p class=\"textointerno\"><span class=\"textointerno\">O percetual de internautas que utilizam esta modalidade de conex\u00e3o poder\u00e1 chegar a 65% em 2010. Essa \u00e9 uma realidade bem mais plaus\u00edvel, no entanto, para os pa\u00edses como os EUA, onde cerca de 8 milh\u00f5es de internautas j\u00e1 largaram o acesso discado a 56 K e se voltam ao acesso via banda larga.<\/span><\/p>\n<span class=\"textointerno\">Outras partes do planeta j\u00e1 se valem do acesso broadband como forma de se plugar na net. Na Cor\u00e9ia do Sul, por exemplo 50% de internautas, ou 4 milh\u00f5es de pessoas, utilizam os benef\u00edcios reais das conex\u00f5es via cabo e ADSL.<\/span>\t\t\t\t\t\t\t\t<\/div>\n\t\t\t\t<\/div>\n\t\t\t\t\t<\/div>\n\t\t\t\t<\/div>\n\t\t\t\t<\/div>\n\t\t","protected":false},"excerpt":{"rendered":"<p>Antenados na Net sem fio Conex\u00e3o via r\u00e1dio Servi\u00e7o est\u00e1 focado no setor corporativo, mas \u00e9 boa op\u00e7\u00e3o para pr\u00e9dios residenciais Regina de S\u00e1 Por que, afinal, o acesso \u00e0 internet via ondas de r\u00e1dio n\u00e3o deslanchou? Esta \u00e9 uma pergunta que, at\u00e9 bem pouco tempo, ainda martelava na cabe\u00e7a daqueles que, h\u00e1 cerca de dois anos, chegavam em Salvador com a proposta de desbancar os modems de 56 K e propor uma conex\u00e3o em rede a partir de 64 K \u201climpos\u201d, sem ru\u00eddos de linha, quedas e contas telef\u00f4nicas astron\u00f4micas. A isso se seguiram dois entraves: por conta do boom de acesso gr\u00e1tis, empresas especializadas em wireless tiveram que redirecionar seus neg\u00f3cios e buscar empresas interessadas em novos tipos de conex\u00e3o. O cliente corporativo e o de condom\u00ednios ganharam aten\u00e7\u00e3o especial dessas empresas, que, para n\u00e3o perder o fio da meada, mostraram todo o potencial existente no acesso via r\u00e1dio e as vantagens de se investir na tecnologia. Naquele momento, a aten\u00e7\u00e3o do mercado estava toda voltada para o provimento gratuito. \u201cPassada a euforia, a batalha agora \u00e9 buscar alternativas de banda larga e parceiros de conte\u00fado dispostos a entrar no neg\u00f3cio\u201d, sentencia o Diretor de Tecnologia da Wavenet, Marcone Cerqueira, que, junto com o Diretor Comercial, Airton Tambellini, aposta todas as fichas na tecnologia wireless, tendo como foco o mercado corporativo. As perspectivas s\u00e3o boas no mercado nacional, garante o Gartner Group. Segundo pesquisa do instituto, os pr\u00f3ximos cinco anos ser\u00e3o decisivos na \u00e1rea de provimento de banda larga. O percetual de internautas que utilizam esta modalidade de conex\u00e3o poder\u00e1 chegar a 65% em 2010. Essa \u00e9 uma realidade bem mais plaus\u00edvel, no entanto, para os pa\u00edses como os EUA, onde cerca de 8 milh\u00f5es de internautas j\u00e1 largaram o acesso discado a 56 K e se voltam ao acesso via banda larga. Outras partes do planeta j\u00e1 se valem do acesso broadband como forma de se plugar na net. Na Cor\u00e9ia do Sul, por exemplo 50% de internautas, ou 4 milh\u00f5es de pessoas, utilizam os benef\u00edcios reais das conex\u00f5es via cabo e ADSL.<\/p>\n","protected":false},"author":1,"featured_media":0,"parent":0,"menu_order":0,"comment_status":"closed","ping_status":"closed","template":"","meta":{"footnotes":""},"class_list":["post-504","page","type-page","status-publish","hentry"],"_links":{"self":[{"href":"https:\/\/wavenet.com.br\/index.php?rest_route=\/wp\/v2\/pages\/504","targetHints":{"allow":["GET"]}}],"collection":[{"href":"https:\/\/wavenet.com.br\/index.php?rest_route=\/wp\/v2\/pages"}],"about":[{"href":"https:\/\/wavenet.com.br\/index.php?rest_route=\/wp\/v2\/types\/page"}],"author":[{"embeddable":true,"href":"https:\/\/wavenet.com.br\/index.php?rest_route=\/wp\/v2\/users\/1"}],"replies":[{"embeddable":true,"href":"https:\/\/wavenet.com.br\/index.php?rest_route=%2Fwp%2Fv2%2Fcomments&post=504"}],"version-history":[{"count":13,"href":"https:\/\/wavenet.com.br\/index.php?rest_route=\/wp\/v2\/pages\/504\/revisions"}],"predecessor-version":[{"id":557,"href":"https:\/\/wavenet.com.br\/index.php?rest_route=\/wp\/v2\/pages\/504\/revisions\/557"}],"wp:attachment":[{"href":"https:\/\/wavenet.com.br\/index.php?rest_route=%2Fwp%2Fv2%2Fmedia&parent=504"}],"curies":[{"name":"wp","href":"https:\/\/api.w.org\/{rel}","templated":true}]}}