{"id":496,"date":"2025-07-08T19:21:15","date_gmt":"2025-07-08T19:21:15","guid":{"rendered":"https:\/\/wavenet.com.br\/?page_id=496"},"modified":"2025-07-08T19:41:09","modified_gmt":"2025-07-08T19:41:09","slug":"conexao-sem-fio","status":"publish","type":"page","link":"https:\/\/wavenet.com.br\/?page_id=496","title":{"rendered":"Conex\u00e3o sem fio"},"content":{"rendered":"\t\t<div data-elementor-type=\"wp-page\" data-elementor-id=\"496\" class=\"elementor elementor-496\" data-elementor-post-type=\"page\">\n\t\t\t\t<div class=\"elementor-element elementor-element-f873f67 e-flex e-con-boxed wpr-particle-no wpr-jarallax-no wpr-parallax-no wpr-sticky-section-no e-con e-parent\" data-id=\"f873f67\" data-element_type=\"container\" data-settings=\"{&quot;background_background&quot;:&quot;classic&quot;}\">\n\t\t\t\t\t<div class=\"e-con-inner\">\n\t\t\t\t<div class=\"elementor-element elementor-element-80cfe44 elementor-widget__width-initial elementor-widget elementor-widget-text-editor\" data-id=\"80cfe44\" data-element_type=\"widget\" data-widget_type=\"text-editor.default\">\n\t\t\t\t<div class=\"elementor-widget-container\">\n\t\t\t\t\t\t\t\t\t<div><strong>Conex\u00e3o sem fio \u00e9 boa op\u00e7\u00e3o para pr\u00e9dios residenciais<\/strong><\/div><div>\u00a0<\/div><div>O servi\u00e7o de banda larga, no pa\u00eds, al\u00e9m de caro, n\u00e3o tem agradado aos usu\u00e1rios que optaram por esse tipo de conex\u00e3o. \u201cO custo ainda \u00e9 muito alto para implantar essas tecnologias.<\/div><div>\u00a0<\/div><div>Atualmente, segundo levantamento do Ibope feito ano passado, dos 10 milh\u00f5es de usu\u00e1rios de internet, apenas 190 mil deles s\u00e3o assinantes de servi\u00e7os de banda larga.<\/div><div>\u00a0<\/div><div>Na Bahia, por exemplo, essa tecnologia praticamente acaba de estrear no cen\u00e1rio de provimento, mas o custo \u00e9 relativamente alto.<\/div><div>\u00a0<\/div><div><strong style=\"color: #666; font-weight: 600;\">Custo do sistema<\/strong><\/div><div>A exce\u00e7\u00e3o fica por conta do acesso via ondas de r\u00e1dio. Em um pr\u00e9dio, o custo mensal do servi\u00e7o para uma base de 12 usu\u00e1rios sai, em m\u00e9dia, por R$ 60.<\/div><div>\u00a0<\/div><div>O pre\u00e7o m\u00e9dio para a instala\u00e7\u00e3o da conex\u00e3o via r\u00e1dio fica por R$ 300, para o grupo de 12 usu\u00e1rios, j\u00e1 com provedor de acesso e velocidade de 64 K.<\/div><div>\u00a0<\/div><div>\u201cQuem quer ter internet r\u00e1pida, mas de forma vi\u00e1vel, pode apostar nessa nova alternativa. O acesso via r\u00e1dio \u00e9 uma solu\u00e7\u00e3o interessante em custo\/benef\u00edcio, al\u00e9m da facilidade de implanta\u00e7\u00e3o, sem depender de uma linha telef\u00f4nica\u201d, explica o diretor de tecnologia da Wavenet, Marcone Cerqueira.<\/div><div>\u00a0<\/div><div>A topografia da cidade tem sido um entrave para a implanta\u00e7\u00e3o do servi\u00e7o. \u00c9 que para a transmiss\u00e3o do sinal pelas torres repetidoras, quanto menos obst\u00e1culos, melhor. Quando n\u00e3o h\u00e1 esta condi\u00e7\u00e3o, ocorre o que os especialistas chamam de sombras, que impede a propaga\u00e7\u00e3o do sinal.<\/div><div>\u00a0<\/div><div>\u201cIsso dificulta a expans\u00e3o do neg\u00f3cio, mas, ainda assim, em dois anos de atua\u00e7\u00e3o no mercado, conseguimos entre 70% a 80% da \u00e1rea de cobertura da cidade onde existem clientes em potencial para a rede em banda larga\u201d, conta.<\/div><div>\u00a0<\/div><div>A empresa instalou em Salvador sete pontos de presen\u00e7a, sendo que cada um deles chega a atingir um raio de 5 Km sem \u00e1rea de sombra. Cada repetidora custa em m\u00e9dia US$ 6 mil.<\/div><div>\u00a0<\/div><div>A pergunta que deve estar martelando agora \u00e9: por que as empresas baianas n\u00e3o est\u00e3o t\u00e3o difundidas entre os usu\u00e1rios dom\u00e9sticos? O que pega mesmo, segundo Cerqueira, \u00e9 que a tecnologia wireless n\u00e3o \u00e9 economicamente vi\u00e1vel para um \u00fanico usu\u00e1rio.<\/div><div>\u00a0<\/div><div>\u201cEle pagaria por 12\u201d, frisa Cerqueira. Em condom\u00ednios residenciais que podem bancar o investimento, nem sempre h\u00e1 aprova\u00e7\u00e3o de todos os moradores\u201d.<\/div><div>\u00a0<\/div><div>Um desses casos aconteceu em um condom\u00ednio residencial do Stiep. Dos 60 moradores, apenas 28 aprovaram a implanta\u00e7\u00e3o do sistema. Cada um pagar\u00e1 em m\u00e9dia R$ 30 por m\u00eas, com intranet e outros benef\u00edcios.<\/div><div>\u00a0<\/div><div>No caso de uma empresa estruturada, que j\u00e1 sabe o que necessita, fica mais f\u00e1cil conduzir o neg\u00f3cio. \u00c9 o caso de A TARDE, que come\u00e7a este m\u00eas a disponibilizar o acesso via r\u00e1dio em seus postos de atendimento.<\/div><div>\u00a0<\/div><div>Ramon Pinto, coordenador t\u00e9cnico do CPD de A TARDE, disse que essa \u00e9 uma forma economicamente interessante de manter os quiosques em funcionamento, pois evitar\u00e1 custos com suporte, troca de equipamento etc. \u201cFica bem mais pr\u00e1tico prestar manuten\u00e7\u00e3o, porque n\u00e3o vamos depender de log\u00edstica para manter os terminais em funcionamento\u201d, diz. (Regina de S\u00e1)<\/div><div>\u00a0<\/div>\t\t\t\t\t\t\t\t<\/div>\n\t\t\t\t<\/div>\n\t\t\t\t\t<\/div>\n\t\t\t\t<\/div>\n\t\t\t\t<\/div>\n\t\t","protected":false},"excerpt":{"rendered":"<p>Conex\u00e3o sem fio \u00e9 boa op\u00e7\u00e3o para pr\u00e9dios residenciais\u00a0O servi\u00e7o de banda larga, no pa\u00eds, al\u00e9m de caro, n\u00e3o tem agradado aos usu\u00e1rios que optaram por esse tipo de conex\u00e3o. \u201cO custo ainda \u00e9 muito alto para implantar essas tecnologias.\u00a0Atualmente, segundo levantamento do Ibope feito ano passado, dos 10 milh\u00f5es de usu\u00e1rios de internet, apenas 190 mil deles s\u00e3o assinantes de servi\u00e7os de banda larga.\u00a0Na Bahia, por exemplo, essa tecnologia praticamente acaba de estrear no cen\u00e1rio de provimento, mas o custo \u00e9 relativamente alto.\u00a0Custo do sistemaA exce\u00e7\u00e3o fica por conta do acesso via ondas de r\u00e1dio. Em um pr\u00e9dio, o custo mensal do servi\u00e7o para uma base de 12 usu\u00e1rios sai, em m\u00e9dia, por R$ 60.\u00a0O pre\u00e7o m\u00e9dio para a instala\u00e7\u00e3o da conex\u00e3o via r\u00e1dio fica por R$ 300, para o grupo de 12 usu\u00e1rios, j\u00e1 com provedor de acesso e velocidade de 64 K.\u00a0\u201cQuem quer ter internet r\u00e1pida, mas de forma vi\u00e1vel, pode apostar nessa nova alternativa. O acesso via r\u00e1dio \u00e9 uma solu\u00e7\u00e3o interessante em custo\/benef\u00edcio, al\u00e9m da facilidade de implanta\u00e7\u00e3o, sem depender de uma linha telef\u00f4nica\u201d, explica o diretor de tecnologia da Wavenet, Marcone Cerqueira.\u00a0A topografia da cidade tem sido um entrave para a implanta\u00e7\u00e3o do servi\u00e7o. \u00c9 que para a transmiss\u00e3o do sinal pelas torres repetidoras, quanto menos obst\u00e1culos, melhor. Quando n\u00e3o h\u00e1 esta condi\u00e7\u00e3o, ocorre o que os especialistas chamam de sombras, que impede a propaga\u00e7\u00e3o do sinal.\u00a0\u201cIsso dificulta a expans\u00e3o do neg\u00f3cio, mas, ainda assim, em dois anos de atua\u00e7\u00e3o no mercado, conseguimos entre 70% a 80% da \u00e1rea de cobertura da cidade onde existem clientes em potencial para a rede em banda larga\u201d, conta.\u00a0A empresa instalou em Salvador sete pontos de presen\u00e7a, sendo que cada um deles chega a atingir um raio de 5 Km sem \u00e1rea de sombra. Cada repetidora custa em m\u00e9dia US$ 6 mil.\u00a0A pergunta que deve estar martelando agora \u00e9: por que as empresas baianas n\u00e3o est\u00e3o t\u00e3o difundidas entre os usu\u00e1rios dom\u00e9sticos? O que pega mesmo, segundo Cerqueira, \u00e9 que a tecnologia wireless n\u00e3o \u00e9 economicamente vi\u00e1vel para um \u00fanico usu\u00e1rio.\u00a0\u201cEle pagaria por 12\u201d, frisa Cerqueira. Em condom\u00ednios residenciais que podem bancar o investimento, nem sempre h\u00e1 aprova\u00e7\u00e3o de todos os moradores\u201d.\u00a0Um desses casos aconteceu em um condom\u00ednio residencial do Stiep. Dos 60 moradores, apenas 28 aprovaram a implanta\u00e7\u00e3o do sistema. Cada um pagar\u00e1 em m\u00e9dia R$ 30 por m\u00eas, com intranet e outros benef\u00edcios.\u00a0No caso de uma empresa estruturada, que j\u00e1 sabe o que necessita, fica mais f\u00e1cil conduzir o neg\u00f3cio. \u00c9 o caso de A TARDE, que come\u00e7a este m\u00eas a disponibilizar o acesso via r\u00e1dio em seus postos de atendimento.\u00a0Ramon Pinto, coordenador t\u00e9cnico do CPD de A TARDE, disse que essa \u00e9 uma forma economicamente interessante de manter os quiosques em funcionamento, pois evitar\u00e1 custos com suporte, troca de equipamento etc. \u201cFica bem mais pr\u00e1tico prestar manuten\u00e7\u00e3o, porque n\u00e3o vamos depender de log\u00edstica para manter os terminais em funcionamento\u201d, diz. (Regina de S\u00e1)\u00a0<\/p>\n","protected":false},"author":1,"featured_media":0,"parent":0,"menu_order":0,"comment_status":"closed","ping_status":"closed","template":"","meta":{"footnotes":""},"class_list":["post-496","page","type-page","status-publish","hentry"],"_links":{"self":[{"href":"https:\/\/wavenet.com.br\/index.php?rest_route=\/wp\/v2\/pages\/496","targetHints":{"allow":["GET"]}}],"collection":[{"href":"https:\/\/wavenet.com.br\/index.php?rest_route=\/wp\/v2\/pages"}],"about":[{"href":"https:\/\/wavenet.com.br\/index.php?rest_route=\/wp\/v2\/types\/page"}],"author":[{"embeddable":true,"href":"https:\/\/wavenet.com.br\/index.php?rest_route=\/wp\/v2\/users\/1"}],"replies":[{"embeddable":true,"href":"https:\/\/wavenet.com.br\/index.php?rest_route=%2Fwp%2Fv2%2Fcomments&post=496"}],"version-history":[{"count":10,"href":"https:\/\/wavenet.com.br\/index.php?rest_route=\/wp\/v2\/pages\/496\/revisions"}],"predecessor-version":[{"id":554,"href":"https:\/\/wavenet.com.br\/index.php?rest_route=\/wp\/v2\/pages\/496\/revisions\/554"}],"wp:attachment":[{"href":"https:\/\/wavenet.com.br\/index.php?rest_route=%2Fwp%2Fv2%2Fmedia&parent=496"}],"curies":[{"name":"wp","href":"https:\/\/api.w.org\/{rel}","templated":true}]}}