{"id":30,"date":"2025-06-10T13:40:11","date_gmt":"2025-06-10T13:40:11","guid":{"rendered":"https:\/\/wavenet.com.br\/?page_id=30"},"modified":"2025-07-08T19:49:29","modified_gmt":"2025-07-08T19:49:29","slug":"empresa","status":"publish","type":"page","link":"https:\/\/wavenet.com.br\/?page_id=30","title":{"rendered":"Empresa"},"content":{"rendered":"\t\t<div data-elementor-type=\"wp-page\" data-elementor-id=\"30\" class=\"elementor elementor-30\" data-elementor-post-type=\"page\">\n\t\t\t\t<div class=\"elementor-element elementor-element-567f16f e-flex e-con-boxed wpr-particle-no wpr-jarallax-no wpr-parallax-no wpr-sticky-section-no e-con e-parent\" data-id=\"567f16f\" data-element_type=\"container\" data-settings=\"{&quot;background_background&quot;:&quot;classic&quot;}\">\n\t\t\t\t\t<div class=\"e-con-inner\">\n\t\t<div class=\"elementor-element elementor-element-72f1b2a e-con-full e-flex wpr-particle-no wpr-jarallax-no wpr-parallax-no wpr-sticky-section-no e-con e-child\" data-id=\"72f1b2a\" data-element_type=\"container\">\n\t\t<div class=\"elementor-element elementor-element-351c6ef e-con-full e-flex wpr-particle-no wpr-jarallax-no wpr-parallax-no wpr-sticky-section-no e-con e-child\" data-id=\"351c6ef\" data-element_type=\"container\">\n\t\t\t\t<div class=\"elementor-element elementor-element-c2c7837 elementor-widget__width-initial elementor-widget elementor-widget-image\" data-id=\"c2c7837\" data-element_type=\"widget\" data-widget_type=\"image.default\">\n\t\t\t\t<div class=\"elementor-widget-container\">\n\t\t\t\t\t\t\t\t\t\t\t\t\t\t\t<img decoding=\"async\" width=\"179\" height=\"132\" src=\"https:\/\/wavenet.com.br\/wp-content\/uploads\/2025\/06\/equipe-wavenet.webp\" class=\"attachment-full size-full wp-image-40\" alt=\"\" \/>\t\t\t\t\t\t\t\t\t\t\t\t\t\t\t<\/div>\n\t\t\t\t<\/div>\n\t\t\t\t<div class=\"elementor-element elementor-element-48dfda3 elementor-widget__width-initial elementor-widget elementor-widget-image\" data-id=\"48dfda3\" data-element_type=\"widget\" data-widget_type=\"image.default\">\n\t\t\t\t<div class=\"elementor-widget-container\">\n\t\t\t\t\t\t\t\t\t\t\t\t\t\t\t\t<a href=\"https:\/\/wavenet.com.br\/?page_id=570\">\n\t\t\t\t\t\t\t<img decoding=\"async\" width=\"129\" height=\"61\" src=\"https:\/\/wavenet.com.br\/wp-content\/uploads\/2025\/07\/autorizacao.gif\" class=\"attachment-full size-full wp-image-465\" alt=\"\" \/>\t\t\t\t\t\t\t\t<\/a>\n\t\t\t\t\t\t\t\t\t\t\t\t\t\t\t<\/div>\n\t\t\t\t<\/div>\n\t\t\t\t<\/div>\n\t\t<div class=\"elementor-element elementor-element-f724779 e-con-full e-flex wpr-particle-no wpr-jarallax-no wpr-parallax-no wpr-sticky-section-no e-con e-child\" data-id=\"f724779\" data-element_type=\"container\">\n\t\t\t\t<div class=\"elementor-element elementor-element-49346af elementor-widget__width-initial elementor-widget elementor-widget-text-editor\" data-id=\"49346af\" data-element_type=\"widget\" data-widget_type=\"text-editor.default\">\n\t\t\t\t<div class=\"elementor-widget-container\">\n\t\t\t\t\t\t\t\t\t<p>A Wavenet, criada em 1999, \u00e9 uma empresa especializada no provimento de acesso \u00e0 internet em alta velocidade. Licenciada pela ANATEL (Ag\u00eancia Nacional de Telecomunica\u00e7\u00f5es) para atuar em todo o territ\u00f3rio nacional, a Wavenet vem desenvolvendo solu\u00e7\u00f5es e produtos especiais de conex\u00e3o em banda larga para condom\u00ednios residenciais e empresas de pequeno, m\u00e9dio e grande porte. Nosso princ\u00edpio b\u00e1sico \u00e9 oferecer solu\u00e7\u00f5es sob medida para nossos clientes, aliando tecnologia, qualidade e economia. Nossa equipe, altamente qualificada, estuda as melhores alternativas de provimento de acesso de acordo com o perfil e as necessidades de cada cliente, para proporcionar-lhes os melhores resultados em termos de desempenho e otimiza\u00e7\u00e3o de custos. Al\u00e9m do Atendimento, outra marca registrada da Wavenet \u00e9 a qualidade no Suporte T\u00e9cnico oferecido, com profissionais especializados e antenados com as principais inova\u00e7\u00f5es do mundo digital. Internet em alta velocidade com o m\u00e1ximo de qualidade e o menor custo, seja via r\u00e1dio, cabo ou TC Data (link), \u00e9 com a Wavenet &#8211; Internet Wireless Solutions.<\/p>\t\t\t\t\t\t\t\t<\/div>\n\t\t\t\t<\/div>\n\t\t\t\t<\/div>\n\t\t\t\t<\/div>\n\t\t\t\t\t<\/div>\n\t\t\t\t<\/div>\n\t\t\t\t<\/div>\n\t\t","protected":false},"excerpt":{"rendered":"<p>A Wavenet, criada em 1999, \u00e9 uma empresa especializada no provimento de acesso \u00e0 internet em alta velocidade. Licenciada pela ANATEL (Ag\u00eancia Nacional de Telecomunica\u00e7\u00f5es) para atuar em todo o territ\u00f3rio nacional, a Wavenet vem desenvolvendo solu\u00e7\u00f5es e produtos especiais de conex\u00e3o em banda larga para condom\u00ednios residenciais e empresas de pequeno, m\u00e9dio e grande porte. Nosso princ\u00edpio b\u00e1sico \u00e9 oferecer solu\u00e7\u00f5es sob medida para nossos clientes, aliando tecnologia, qualidade e economia. Nossa equipe, altamente qualificada, estuda as melhores alternativas de provimento de acesso de acordo com o perfil e as necessidades de cada cliente, para proporcionar-lhes os melhores resultados em termos de desempenho e otimiza\u00e7\u00e3o de custos. Al\u00e9m do Atendimento, outra marca registrada da Wavenet \u00e9 a qualidade no Suporte T\u00e9cnico oferecido, com profissionais especializados e antenados com as principais inova\u00e7\u00f5es do mundo digital. Internet em alta velocidade com o m\u00e1ximo de qualidade e o menor custo, seja via r\u00e1dio, cabo ou TC Data (link), \u00e9 com a Wavenet &#8211; Internet Wireless Solutions.<\/p>\n","protected":false},"author":1,"featured_media":0,"parent":0,"menu_order":0,"comment_status":"closed","ping_status":"closed","template":"","meta":{"footnotes":""},"class_list":["post-30","page","type-page","status-publish","hentry"],"_links":{"self":[{"href":"https:\/\/wavenet.com.br\/index.php?rest_route=\/wp\/v2\/pages\/30","targetHints":{"allow":["GET"]}}],"collection":[{"href":"https:\/\/wavenet.com.br\/index.php?rest_route=\/wp\/v2\/pages"}],"about":[{"href":"https:\/\/wavenet.com.br\/index.php?rest_route=\/wp\/v2\/types\/page"}],"author":[{"embeddable":true,"href":"https:\/\/wavenet.com.br\/index.php?rest_route=\/wp\/v2\/users\/1"}],"replies":[{"embeddable":true,"href":"https:\/\/wavenet.com.br\/index.php?rest_route=%2Fwp%2Fv2%2Fcomments&post=30"}],"version-history":[{"count":27,"href":"https:\/\/wavenet.com.br\/index.php?rest_route=\/wp\/v2\/pages\/30\/revisions"}],"predecessor-version":[{"id":700,"href":"https:\/\/wavenet.com.br\/index.php?rest_route=\/wp\/v2\/pages\/30\/revisions\/700"}],"wp:attachment":[{"href":"https:\/\/wavenet.com.br\/index.php?rest_route=%2Fwp%2Fv2%2Fmedia&parent=30"}],"curies":[{"name":"wp","href":"https:\/\/api.w.org\/{rel}","templated":true}]}}