{"id":255,"date":"2025-06-23T14:42:23","date_gmt":"2025-06-23T14:42:23","guid":{"rendered":"https:\/\/wavenet.com.br\/?page_id=255"},"modified":"2025-07-08T19:44:16","modified_gmt":"2025-07-08T19:44:16","slug":"imprensa","status":"publish","type":"page","link":"https:\/\/wavenet.com.br\/?page_id=255","title":{"rendered":"Imprensa"},"content":{"rendered":"\t\t<div data-elementor-type=\"wp-page\" data-elementor-id=\"255\" class=\"elementor elementor-255\" data-elementor-post-type=\"page\">\n\t\t\t\t<div class=\"elementor-element elementor-element-3bec614 e-flex e-con-boxed wpr-particle-no wpr-jarallax-no wpr-parallax-no wpr-sticky-section-no e-con e-parent\" data-id=\"3bec614\" data-element_type=\"container\" data-settings=\"{&quot;background_background&quot;:&quot;classic&quot;}\">\n\t\t\t\t\t<div class=\"e-con-inner\">\n\t\t\t\t<div class=\"elementor-element elementor-element-4c4d928 elementor-widget__width-initial elementor-widget elementor-widget-text-editor\" data-id=\"4c4d928\" data-element_type=\"widget\" data-widget_type=\"text-editor.default\">\n\t\t\t\t<div class=\"elementor-widget-container\">\n\t\t\t\t\t\t\t\t\t<p>Nova tecnologia se dissemina, chegando a locais p\u00fablicos como barracas de praia<\/p>\t\t\t\t\t\t\t\t<\/div>\n\t\t\t\t<\/div>\n\t\t<div class=\"elementor-element elementor-element-ef55d80 e-con-full e-flex wpr-particle-no wpr-jarallax-no wpr-parallax-no wpr-sticky-section-no e-con e-child\" data-id=\"ef55d80\" data-element_type=\"container\">\n\t\t<div class=\"elementor-element elementor-element-6bbfe2a e-con-full e-flex wpr-particle-no wpr-jarallax-no wpr-parallax-no wpr-sticky-section-no e-con e-child\" data-id=\"6bbfe2a\" data-element_type=\"container\" data-settings=\"{&quot;background_background&quot;:&quot;classic&quot;}\">\n\t\t\t\t<div class=\"elementor-element elementor-element-57dc0fa elementor-widget__width-initial elementor-widget elementor-widget-image\" data-id=\"57dc0fa\" data-element_type=\"widget\" data-widget_type=\"image.default\">\n\t\t\t\t<div class=\"elementor-widget-container\">\n\t\t\t\t\t\t\t\t\t\t\t\t\t\t\t<img fetchpriority=\"high\" decoding=\"async\" width=\"392\" height=\"293\" src=\"https:\/\/wavenet.com.br\/wp-content\/uploads\/2025\/06\/jornalista_mexendo_no_computador.webp\" class=\"attachment-full size-full wp-image-273\" alt=\"\" srcset=\"https:\/\/wavenet.com.br\/wp-content\/uploads\/2025\/06\/jornalista_mexendo_no_computador.webp 392w, https:\/\/wavenet.com.br\/wp-content\/uploads\/2025\/06\/jornalista_mexendo_no_computador-300x224.webp 300w\" sizes=\"(max-width: 392px) 100vw, 392px\" \/>\t\t\t\t\t\t\t\t\t\t\t\t\t\t\t<\/div>\n\t\t\t\t<\/div>\n\t\t\t\t<div class=\"elementor-element elementor-element-892ff40 elementor-widget elementor-widget-text-editor\" data-id=\"892ff40\" data-element_type=\"widget\" data-widget_type=\"text-editor.default\">\n\t\t\t\t<div class=\"elementor-widget-container\">\n\t\t\t\t\t\t\t\t\t<p>Max Leahy Andrade<\/p>\t\t\t\t\t\t\t\t<\/div>\n\t\t\t\t<\/div>\n\t\t\t\t<div class=\"elementor-element elementor-element-69321d6 elementor-widget elementor-widget-text-editor\" data-id=\"69321d6\" data-element_type=\"widget\" data-widget_type=\"text-editor.default\">\n\t\t\t\t<div class=\"elementor-widget-container\">\n\t\t\t\t\t\t\t\t\t<p>Aeroclube Plaza Show<\/p>\t\t\t\t\t\t\t\t<\/div>\n\t\t\t\t<\/div>\n\t\t\t\t<\/div>\n\t\t<div class=\"elementor-element elementor-element-de930cd e-con-full e-flex wpr-particle-no wpr-jarallax-no wpr-parallax-no wpr-sticky-section-no e-con e-child\" data-id=\"de930cd\" data-element_type=\"container\">\n\t\t\t\t<div class=\"elementor-element elementor-element-52424ea elementor-widget__width-initial elementor-widget elementor-widget-text-editor\" data-id=\"52424ea\" data-element_type=\"widget\" data-widget_type=\"text-editor.default\">\n\t\t\t\t<div class=\"elementor-widget-container\">\n\t\t\t\t\t\t\t\t\t<p data-start=\"110\" data-end=\"365\">Em oito aeroportos brasileiros, o passageiro pode abrir seu notebook e acessar a internet sem fio.<br data-start=\"212\" data-end=\"215\" \/>Para us\u00e1-la, \u00e9 preciso ter um cart\u00e3o wireless e pagar uma taxa mensal para a Pointer Networks, empresa que oferece o servi\u00e7o em parceria com a Cernet.<\/p><p data-start=\"367\" data-end=\"577\">E n\u00e3o \u00e9 preciso estar a trabalho para usar uma conex\u00e3o wireless.<br data-start=\"431\" data-end=\"434\" \/>Na praia de Stella Maris, em Salvador (BA), a Barraca do Tch\u00ea oferece o sinal para quem quer acessar a web ouvindo o barulho das ondas.<\/p><p data-start=\"579\" data-end=\"793\">A Wavenet, empresa que instalou o sistema, tamb\u00e9m levou o sinal para o Shopping Barra e o Shopping Aeroclube, na mesma cidade \u2014 o que permite abrir o laptop na pra\u00e7a de alimenta\u00e7\u00e3o e entrar na internet.<\/p>\t\t\t\t\t\t\t\t<\/div>\n\t\t\t\t<\/div>\n\t\t\t\t<\/div>\n\t\t\t\t<\/div>\n\t\t\t\t<div class=\"elementor-element elementor-element-e1660da elementor-widget__width-initial elementor-widget elementor-widget-text-editor\" data-id=\"e1660da\" data-element_type=\"widget\" data-widget_type=\"text-editor.default\">\n\t\t\t\t<div class=\"elementor-widget-container\">\n\t\t\t\t\t\t\t\t\t<dl><dt class=\"textointerno\"><\/dt><dd>\u00a0<\/dd><dt class=\"textointerno\"><span class=\"textointerno\">Nos Estados Unidos, a tecnologia est\u00e1 t\u00e3o disseminada que j\u00e1 est\u00e1 dispon\u00edvel nos campus das faculdades, pontos de \u00f4nibus, caf\u00e9s e at\u00e9 em aplica\u00e7\u00f5es esdr\u00faxulas: um sistema sem fio, faz uso de um palmtop para ajudar na mira nos jogos de golfe. (K.A.)<\/span><\/dt><\/dl>\t\t\t\t\t\t\t\t<\/div>\n\t\t\t\t<\/div>\n\t\t\t\t<div class=\"elementor-element elementor-element-5de4e14 elementor-widget__width-initial elementor-widget elementor-widget-heading\" data-id=\"5de4e14\" data-element_type=\"widget\" data-widget_type=\"heading.default\">\n\t\t\t\t<div class=\"elementor-widget-container\">\n\t\t\t\t\t<h2 class=\"elementor-heading-title elementor-size-default\">Imprensa<\/h2>\t\t\t\t<\/div>\n\t\t\t\t<\/div>\n\t\t\t\t<div class=\"elementor-element elementor-element-21c434b elementor-widget__width-initial elementor-icon-list--layout-traditional elementor-list-item-link-full_width elementor-widget elementor-widget-icon-list\" data-id=\"21c434b\" data-element_type=\"widget\" data-widget_type=\"icon-list.default\">\n\t\t\t\t<div class=\"elementor-widget-container\">\n\t\t\t\t\t\t\t<ul class=\"elementor-icon-list-items\">\n\t\t\t\t\t\t\t<li class=\"elementor-icon-list-item\">\n\t\t\t\t\t\t\t\t\t\t\t<a href=\"https:\/\/wavenet.com.br\/?page_id=504\">\n\n\t\t\t\t\t\t\t\t\t\t\t\t<span class=\"elementor-icon-list-icon\">\n\t\t\t\t\t\t\t<svg aria-hidden=\"true\" class=\"e-font-icon-svg e-fas-circle\" viewBox=\"0 0 512 512\" xmlns=\"http:\/\/www.w3.org\/2000\/svg\"><path d=\"M256 8C119 8 8 119 8 256s111 248 248 248 248-111 248-248S393 8 256 8z\"><\/path><\/svg>\t\t\t\t\t\t<\/span>\n\t\t\t\t\t\t\t\t\t\t<span class=\"elementor-icon-list-text\">Antenado na net sem fio.<\/span>\n\t\t\t\t\t\t\t\t\t\t\t<\/a>\n\t\t\t\t\t\t\t\t\t<\/li>\n\t\t\t\t\t\t\t\t<li class=\"elementor-icon-list-item\">\n\t\t\t\t\t\t\t\t\t\t\t<a href=\"https:\/\/wavenet.com.br\/?page_id=496\">\n\n\t\t\t\t\t\t\t\t\t\t\t\t<span class=\"elementor-icon-list-icon\">\n\t\t\t\t\t\t\t<svg aria-hidden=\"true\" class=\"e-font-icon-svg e-fas-circle\" viewBox=\"0 0 512 512\" xmlns=\"http:\/\/www.w3.org\/2000\/svg\"><path d=\"M256 8C119 8 8 119 8 256s111 248 248 248 248-111 248-248S393 8 256 8z\"><\/path><\/svg>\t\t\t\t\t\t<\/span>\n\t\t\t\t\t\t\t\t\t\t<span class=\"elementor-icon-list-text\">Conex\u00e3o sem fio \u00e9 boa op\u00e7\u00e3o para pr\u00e9dios residenciais.<\/span>\n\t\t\t\t\t\t\t\t\t\t\t<\/a>\n\t\t\t\t\t\t\t\t\t<\/li>\n\t\t\t\t\t\t\t\t<li class=\"elementor-icon-list-item\">\n\t\t\t\t\t\t\t\t\t\t\t<a href=\"https:\/\/wavenet.com.br\/?page_id=527\">\n\n\t\t\t\t\t\t\t\t\t\t\t\t<span class=\"elementor-icon-list-icon\">\n\t\t\t\t\t\t\t<svg aria-hidden=\"true\" class=\"e-font-icon-svg e-fas-circle\" viewBox=\"0 0 512 512\" xmlns=\"http:\/\/www.w3.org\/2000\/svg\"><path d=\"M256 8C119 8 8 119 8 256s111 248 248 248 248-111 248-248S393 8 256 8z\"><\/path><\/svg>\t\t\t\t\t\t<\/span>\n\t\t\t\t\t\t\t\t\t\t<span class=\"elementor-icon-list-text\">Faculdade Caryu adere ao sistema.<\/span>\n\t\t\t\t\t\t\t\t\t\t\t<\/a>\n\t\t\t\t\t\t\t\t\t<\/li>\n\t\t\t\t\t\t\t\t<li class=\"elementor-icon-list-item\">\n\t\t\t\t\t\t\t\t\t\t\t<a href=\"https:\/\/wavenet.com.br\/?page_id=535\">\n\n\t\t\t\t\t\t\t\t\t\t\t\t<span class=\"elementor-icon-list-icon\">\n\t\t\t\t\t\t\t<svg aria-hidden=\"true\" class=\"e-font-icon-svg e-fas-circle\" viewBox=\"0 0 512 512\" xmlns=\"http:\/\/www.w3.org\/2000\/svg\"><path d=\"M256 8C119 8 8 119 8 256s111 248 248 248 248-111 248-248S393 8 256 8z\"><\/path><\/svg>\t\t\t\t\t\t<\/span>\n\t\t\t\t\t\t\t\t\t\t<span class=\"elementor-icon-list-text\">Acesso                          via ondas de r\u00e1dio traz velocidade a custo baixo<\/span>\n\t\t\t\t\t\t\t\t\t\t\t<\/a>\n\t\t\t\t\t\t\t\t\t<\/li>\n\t\t\t\t\t\t\t\t<li class=\"elementor-icon-list-item\">\n\t\t\t\t\t\t\t\t\t\t\t<a href=\"https:\/\/wavenet.com.br\/?page_id=558\">\n\n\t\t\t\t\t\t\t\t\t\t\t\t<span class=\"elementor-icon-list-icon\">\n\t\t\t\t\t\t\t<svg aria-hidden=\"true\" class=\"e-font-icon-svg e-fas-circle\" viewBox=\"0 0 512 512\" xmlns=\"http:\/\/www.w3.org\/2000\/svg\"><path d=\"M256 8C119 8 8 119 8 256s111 248 248 248 248-111 248-248S393 8 256 8z\"><\/path><\/svg>\t\t\t\t\t\t<\/span>\n\t\t\t\t\t\t\t\t\t\t<span class=\"elementor-icon-list-text\">Conex\u00e3o por r\u00e1dio permite economia<\/span>\n\t\t\t\t\t\t\t\t\t\t\t<\/a>\n\t\t\t\t\t\t\t\t\t<\/li>\n\t\t\t\t\t\t<\/ul>\n\t\t\t\t\t\t<\/div>\n\t\t\t\t<\/div>\n\t\t\t\t\t<\/div>\n\t\t\t\t<\/div>\n\t\t\t\t<\/div>\n\t\t","protected":false},"excerpt":{"rendered":"<p>Nova tecnologia se dissemina, chegando a locais p\u00fablicos como barracas de praia Max Leahy Andrade Aeroclube Plaza Show Em oito aeroportos brasileiros, o passageiro pode abrir seu notebook e acessar a internet sem fio.Para us\u00e1-la, \u00e9 preciso ter um cart\u00e3o wireless e pagar uma taxa mensal para a Pointer Networks, empresa que oferece o servi\u00e7o em parceria com a Cernet. E n\u00e3o \u00e9 preciso estar a trabalho para usar uma conex\u00e3o wireless.Na praia de Stella Maris, em Salvador (BA), a Barraca do Tch\u00ea oferece o sinal para quem quer acessar a web ouvindo o barulho das ondas. A Wavenet, empresa que instalou o sistema, tamb\u00e9m levou o sinal para o Shopping Barra e o Shopping Aeroclube, na mesma cidade \u2014 o que permite abrir o laptop na pra\u00e7a de alimenta\u00e7\u00e3o e entrar na internet. \u00a0 Nos Estados Unidos, a tecnologia est\u00e1 t\u00e3o disseminada que j\u00e1 est\u00e1 dispon\u00edvel nos campus das faculdades, pontos de \u00f4nibus, caf\u00e9s e at\u00e9 em aplica\u00e7\u00f5es esdr\u00faxulas: um sistema sem fio, faz uso de um palmtop para ajudar na mira nos jogos de golfe. (K.A.) Imprensa Antenado na net sem fio. Conex\u00e3o sem fio \u00e9 boa op\u00e7\u00e3o para pr\u00e9dios residenciais. Faculdade Caryu adere ao sistema. Acesso via ondas de r\u00e1dio traz velocidade a custo baixo Conex\u00e3o por r\u00e1dio permite economia<\/p>\n","protected":false},"author":1,"featured_media":0,"parent":0,"menu_order":0,"comment_status":"closed","ping_status":"closed","template":"","meta":{"footnotes":""},"class_list":["post-255","page","type-page","status-publish","hentry"],"_links":{"self":[{"href":"https:\/\/wavenet.com.br\/index.php?rest_route=\/wp\/v2\/pages\/255","targetHints":{"allow":["GET"]}}],"collection":[{"href":"https:\/\/wavenet.com.br\/index.php?rest_route=\/wp\/v2\/pages"}],"about":[{"href":"https:\/\/wavenet.com.br\/index.php?rest_route=\/wp\/v2\/types\/page"}],"author":[{"embeddable":true,"href":"https:\/\/wavenet.com.br\/index.php?rest_route=\/wp\/v2\/users\/1"}],"replies":[{"embeddable":true,"href":"https:\/\/wavenet.com.br\/index.php?rest_route=%2Fwp%2Fv2%2Fcomments&post=255"}],"version-history":[{"count":43,"href":"https:\/\/wavenet.com.br\/index.php?rest_route=\/wp\/v2\/pages\/255\/revisions"}],"predecessor-version":[{"id":569,"href":"https:\/\/wavenet.com.br\/index.php?rest_route=\/wp\/v2\/pages\/255\/revisions\/569"}],"wp:attachment":[{"href":"https:\/\/wavenet.com.br\/index.php?rest_route=%2Fwp%2Fv2%2Fmedia&parent=255"}],"curies":[{"name":"wp","href":"https:\/\/api.w.org\/{rel}","templated":true}]}}