{"id":242,"date":"2025-06-23T14:08:55","date_gmt":"2025-06-23T14:08:55","guid":{"rendered":"https:\/\/wavenet.com.br\/?page_id=242"},"modified":"2025-07-08T18:30:32","modified_gmt":"2025-07-08T18:30:32","slug":"vantagens","status":"publish","type":"page","link":"https:\/\/wavenet.com.br\/?page_id=242","title":{"rendered":"Vantagens"},"content":{"rendered":"\t\t<div data-elementor-type=\"wp-page\" data-elementor-id=\"242\" class=\"elementor elementor-242\" data-elementor-post-type=\"page\">\n\t\t\t\t<div class=\"elementor-element elementor-element-1e9dbe8 e-flex e-con-boxed wpr-particle-no wpr-jarallax-no wpr-parallax-no wpr-sticky-section-no e-con e-parent\" data-id=\"1e9dbe8\" data-element_type=\"container\" data-settings=\"{&quot;background_background&quot;:&quot;classic&quot;}\">\n\t\t\t\t\t<div class=\"e-con-inner\">\n\t\t\t\t<div class=\"elementor-element elementor-element-a6d7886 elementor-widget elementor-widget-heading\" data-id=\"a6d7886\" data-element_type=\"widget\" data-widget_type=\"heading.default\">\n\t\t\t\t<div class=\"elementor-widget-container\">\n\t\t\t\t\t<h2 class=\"elementor-heading-title elementor-size-default\">\tPorque, na era digital, tempo e qualidade de conex\u00e3o representam dinheiro<\/h2>\t\t\t\t<\/div>\n\t\t\t\t<\/div>\n\t\t\t\t<div class=\"elementor-element elementor-element-af18b51 elementor-widget elementor-widget-heading\" data-id=\"af18b51\" data-element_type=\"widget\" data-widget_type=\"heading.default\">\n\t\t\t\t<div class=\"elementor-widget-container\">\n\t\t\t\t\t<h2 class=\"elementor-heading-title elementor-size-default\">Assista a shows, programas, v\u00eddeos e entrevistas com excelente qualidade de som e imagem<\/h2>\t\t\t\t<\/div>\n\t\t\t\t<\/div>\n\t\t\t\t<div class=\"elementor-element elementor-element-4834327 elementor-widget elementor-widget-heading\" data-id=\"4834327\" data-element_type=\"widget\" data-widget_type=\"heading.default\">\n\t\t\t\t<div class=\"elementor-widget-container\">\n\t\t\t\t\t<h2 class=\"elementor-heading-title elementor-size-default\">- A Wavenet disponibiliza conex\u00f5es de 128 k at\u00e9 2 Mb, o que garante qualidade superior na transmiss\u00e3o de dados.<\/h2>\t\t\t\t<\/div>\n\t\t\t\t<\/div>\n\t\t\t\t<div class=\"elementor-element elementor-element-8521a59 elementor-widget elementor-widget-heading\" data-id=\"8521a59\" data-element_type=\"widget\" data-widget_type=\"heading.default\">\n\t\t\t\t<div class=\"elementor-widget-container\">\n\t\t\t\t\t<h2 class=\"elementor-heading-title elementor-size-default\">Baixe arquivos com rapidez e total seguran\u00e7a<\/h2>\t\t\t\t<\/div>\n\t\t\t\t<\/div>\n\t\t\t\t<div class=\"elementor-element elementor-element-b31adec elementor-widget elementor-widget-heading\" data-id=\"b31adec\" data-element_type=\"widget\" data-widget_type=\"heading.default\">\n\t\t\t\t<div class=\"elementor-widget-container\">\n\t\t\t\t\t<h2 class=\"elementor-heading-title elementor-size-default\">- A Wavenet instala um firewall para cada link, bloqueando tentativas de invas\u00e4o.<\/h2>\t\t\t\t<\/div>\n\t\t\t\t<\/div>\n\t\t\t\t<div class=\"elementor-element elementor-element-a01e55b elementor-widget elementor-widget-heading\" data-id=\"a01e55b\" data-element_type=\"widget\" data-widget_type=\"heading.default\">\n\t\t\t\t<div class=\"elementor-widget-container\">\n\t\t\t\t\t<h2 class=\"elementor-heading-title elementor-size-default\">Diminua seus gastos e planeje melhor seu or\u00e7amento<\/h2>\t\t\t\t<\/div>\n\t\t\t\t<\/div>\n\t\t\t\t<div class=\"elementor-element elementor-element-dc321a8 elementor-widget elementor-widget-heading\" data-id=\"dc321a8\" data-element_type=\"widget\" data-widget_type=\"heading.default\">\n\t\t\t\t<div class=\"elementor-widget-container\">\n\t\t\t\t\t<h2 class=\"elementor-heading-title elementor-size-default\">- Os planos da Wavenet, tanto para clientes residenciais quanto empresariais, possuem custo fixo mensal para acesso ilimitado. Nada de contas telef\u00f4nicas astron\u00f4micas e de ficar controlando o tempo de conex\u00e3o para evitar o susto no final do m\u00eas<\/h2>\t\t\t\t<\/div>\n\t\t\t\t<\/div>\n\t\t\t\t<div class=\"elementor-element elementor-element-b442eaf elementor-widget elementor-widget-heading\" data-id=\"b442eaf\" data-element_type=\"widget\" data-widget_type=\"heading.default\">\n\t\t\t\t<div class=\"elementor-widget-container\">\n\t\t\t\t\t<h2 class=\"elementor-heading-title elementor-size-default\">Linha telef\u00f4nica sempre livre<\/h2>\t\t\t\t<\/div>\n\t\t\t\t<\/div>\n\t\t\t\t<div class=\"elementor-element elementor-element-f2aaa0c elementor-widget elementor-widget-heading\" data-id=\"f2aaa0c\" data-element_type=\"widget\" data-widget_type=\"heading.default\">\n\t\t\t\t<div class=\"elementor-widget-container\">\n\t\t\t\t\t<h2 class=\"elementor-heading-title elementor-size-default\">- Como n\u00e3o utiliza o telefone para estabelecer a conex\u00e3o com a internet, sua linha fica constantemente liberada para liga\u00e7\u00f5es.<\/h2>\t\t\t\t<\/div>\n\t\t\t\t<\/div>\n\t\t\t\t<div class=\"elementor-element elementor-element-d6e49f0 elementor-widget elementor-widget-heading\" data-id=\"d6e49f0\" data-element_type=\"widget\" data-widget_type=\"heading.default\">\n\t\t\t\t<div class=\"elementor-widget-container\">\n\t\t\t\t\t<h2 class=\"elementor-heading-title elementor-size-default\">Instala\u00e7\u00e3o r\u00e1pida, f\u00e1cil e sem necessidade de obras ou reformas<\/h2>\t\t\t\t<\/div>\n\t\t\t\t<\/div>\n\t\t\t\t<div class=\"elementor-element elementor-element-66f0375 elementor-widget elementor-widget-heading\" data-id=\"66f0375\" data-element_type=\"widget\" data-widget_type=\"heading.default\">\n\t\t\t\t<div class=\"elementor-widget-container\">\n\t\t\t\t\t<h2 class=\"elementor-heading-title elementor-size-default\">- Os produtos Wavenet utilizam tecnologia de \u00faltima gera\u00e7\u00e3o e dispensam o uso de cabeamentos ou altera\u00e7\u00f5es na rede el\u00e9trica de sua casa ou empresa, evitando os transtornos e o desconforto que as obras civis ocasionam.\n\n<\/h2>\t\t\t\t<\/div>\n\t\t\t\t<\/div>\n\t\t\t\t<div class=\"elementor-element elementor-element-ac48760 elementor-widget elementor-widget-heading\" data-id=\"ac48760\" data-element_type=\"widget\" data-widget_type=\"heading.default\">\n\t\t\t\t<div class=\"elementor-widget-container\">\n\t\t\t\t\t<h2 class=\"elementor-heading-title elementor-size-default\">E-mails ilimitados e hospedagem de sites\n<\/h2>\t\t\t\t<\/div>\n\t\t\t\t<\/div>\n\t\t\t\t<div class=\"elementor-element elementor-element-5d1b150 elementor-widget elementor-widget-heading\" data-id=\"5d1b150\" data-element_type=\"widget\" data-widget_type=\"heading.default\">\n\t\t\t\t<div class=\"elementor-widget-container\">\n\t\t\t\t\t<h2 class=\"elementor-heading-title elementor-size-default\">- Tenha quantos e-mails quiser com 10Mb de capacidade por caixa postal e crie os sites mais interessantes que desejar, que a Wavenet disponibiliza a hospedagem e a consulta.\n\n<\/h2>\t\t\t\t<\/div>\n\t\t\t\t<\/div>\n\t\t\t\t<div class=\"elementor-element elementor-element-f75aab6 elementor-widget elementor-widget-heading\" data-id=\"f75aab6\" data-element_type=\"widget\" data-widget_type=\"heading.default\">\n\t\t\t\t<div class=\"elementor-widget-container\">\n\t\t\t\t\t<h2 class=\"elementor-heading-title elementor-size-default\">Suporte t\u00e9cnico permanente\n<\/h2>\t\t\t\t<\/div>\n\t\t\t\t<\/div>\n\t\t\t\t<div class=\"elementor-element elementor-element-2630938 elementor-widget elementor-widget-heading\" data-id=\"2630938\" data-element_type=\"widget\" data-widget_type=\"heading.default\">\n\t\t\t\t<div class=\"elementor-widget-container\">\n\t\t\t\t\t<h2 class=\"elementor-heading-title elementor-size-default\">- 7 dias por semana, das 08 as 20h nos telefones (71) 2102-6188\/3491-7606\/8816-3640 e das 20 as 23 em hor\u00e1rio especial de atendimento nos telefones (71) 3491-7606\/8816-3640, a equipe da Wavenet est\u00e1 \u00e0 disposi\u00e7\u00e3o para tirar suas d\u00favidas e solucionar qualquer problema que voc\u00ea ou sua empresa tenham. Basta ligar para nosso servi\u00e7o Help Desk.\n<\/h2>\t\t\t\t<\/div>\n\t\t\t\t<\/div>\n\t\t\t\t\t<\/div>\n\t\t\t\t<\/div>\n\t\t\t\t<\/div>\n\t\t","protected":false},"excerpt":{"rendered":"<p>Porque, na era digital, tempo e qualidade de conex\u00e3o representam dinheiro Assista a shows, programas, v\u00eddeos e entrevistas com excelente qualidade de som e imagem &#8211; A Wavenet disponibiliza conex\u00f5es de 128 k at\u00e9 2 Mb, o que garante qualidade superior na transmiss\u00e3o de dados. Baixe arquivos com rapidez e total seguran\u00e7a &#8211; A Wavenet instala um firewall para cada link, bloqueando tentativas de invas\u00e4o. Diminua seus gastos e planeje melhor seu or\u00e7amento &#8211; Os planos da Wavenet, tanto para clientes residenciais quanto empresariais, possuem custo fixo mensal para acesso ilimitado. Nada de contas telef\u00f4nicas astron\u00f4micas e de ficar controlando o tempo de conex\u00e3o para evitar o susto no final do m\u00eas Linha telef\u00f4nica sempre livre &#8211; Como n\u00e3o utiliza o telefone para estabelecer a conex\u00e3o com a internet, sua linha fica constantemente liberada para liga\u00e7\u00f5es. Instala\u00e7\u00e3o r\u00e1pida, f\u00e1cil e sem necessidade de obras ou reformas &#8211; Os produtos Wavenet utilizam tecnologia de \u00faltima gera\u00e7\u00e3o e dispensam o uso de cabeamentos ou altera\u00e7\u00f5es na rede el\u00e9trica de sua casa ou empresa, evitando os transtornos e o desconforto que as obras civis ocasionam. E-mails ilimitados e hospedagem de sites &#8211; Tenha quantos e-mails quiser com 10Mb de capacidade por caixa postal e crie os sites mais interessantes que desejar, que a Wavenet disponibiliza a hospedagem e a consulta. Suporte t\u00e9cnico permanente &#8211; 7 dias por semana, das 08 as 20h nos telefones (71) 2102-6188\/3491-7606\/8816-3640 e das 20 as 23 em hor\u00e1rio especial de atendimento nos telefones (71) 3491-7606\/8816-3640, a equipe da Wavenet est\u00e1 \u00e0 disposi\u00e7\u00e3o para tirar suas d\u00favidas e solucionar qualquer problema que voc\u00ea ou sua empresa tenham. Basta ligar para nosso servi\u00e7o Help Desk.<\/p>\n","protected":false},"author":1,"featured_media":0,"parent":0,"menu_order":0,"comment_status":"closed","ping_status":"closed","template":"","meta":{"footnotes":""},"class_list":["post-242","page","type-page","status-publish","hentry"],"_links":{"self":[{"href":"https:\/\/wavenet.com.br\/index.php?rest_route=\/wp\/v2\/pages\/242","targetHints":{"allow":["GET"]}}],"collection":[{"href":"https:\/\/wavenet.com.br\/index.php?rest_route=\/wp\/v2\/pages"}],"about":[{"href":"https:\/\/wavenet.com.br\/index.php?rest_route=\/wp\/v2\/types\/page"}],"author":[{"embeddable":true,"href":"https:\/\/wavenet.com.br\/index.php?rest_route=\/wp\/v2\/users\/1"}],"replies":[{"embeddable":true,"href":"https:\/\/wavenet.com.br\/index.php?rest_route=%2Fwp%2Fv2%2Fcomments&post=242"}],"version-history":[{"count":34,"href":"https:\/\/wavenet.com.br\/index.php?rest_route=\/wp\/v2\/pages\/242\/revisions"}],"predecessor-version":[{"id":472,"href":"https:\/\/wavenet.com.br\/index.php?rest_route=\/wp\/v2\/pages\/242\/revisions\/472"}],"wp:attachment":[{"href":"https:\/\/wavenet.com.br\/index.php?rest_route=%2Fwp%2Fv2%2Fmedia&parent=242"}],"curies":[{"name":"wp","href":"https:\/\/api.w.org\/{rel}","templated":true}]}}